{"id":380127,"date":"2022-07-13T17:29:54","date_gmt":"2022-07-13T15:29:54","guid":{"rendered":"https:\/\/letutudanza.it\/prodotto\/bodybasic-2"},"modified":"2025-09-22T11:08:02","modified_gmt":"2025-09-22T09:08:02","slug":"body-basic-2","status":"publish","type":"product","link":"https:\/\/www.letutudanza.it\/de\/prodotto\/body-basic-2","title":{"rendered":"Rosa gl\u00e4nzender Lycra-Tanzanzug"},"content":{"rendered":"<p>Halb\u00e4rmliger Body aus gl\u00e4nzendem rosafarbenem Lycra, vorne gef\u00fcttert.<br \/>\nMit Schnitt auf der R\u00fcckseite, der dem Trikot eine bessere Passform verleiht.<\/p>\n","protected":false},"excerpt":{"rendered":"<p>Gl\u00e4nzender Lycra-Tanzanzug mit halblangen \u00c4rmeln.<br \/>\n F\u00fcr eine bessere Passform hinten geschnitten.<\/p>\n<p> Gef\u00fctterte Vorderseite.<\/p>\n","protected":false},"featured_media":326322,"template":"","meta":{"_acf_changed":false},"product_brand":[],"product_cat":[1521,1451],"product_tag":[],"class_list":{"0":"post-380127","1":"product","2":"type-product","3":"status-publish","4":"has-post-thumbnail","6":"product_cat-auslasskorper","7":"product_cat-auslauf","8":"pa_brand-dl-tanzkleidung","10":"first","11":"instock","12":"shipping-taxable","13":"purchasable","14":"product-type-variable"},"acf":[],"_links":{"self":[{"href":"https:\/\/www.letutudanza.it\/de\/wp-json\/wp\/v2\/product\/380127","targetHints":{"allow":["GET"]}}],"collection":[{"href":"https:\/\/www.letutudanza.it\/de\/wp-json\/wp\/v2\/product"}],"about":[{"href":"https:\/\/www.letutudanza.it\/de\/wp-json\/wp\/v2\/types\/product"}],"wp:featuredmedia":[{"embeddable":true,"href":"https:\/\/www.letutudanza.it\/de\/wp-json\/wp\/v2\/media\/326322"}],"wp:attachment":[{"href":"https:\/\/www.letutudanza.it\/de\/wp-json\/wp\/v2\/media?parent=380127"}],"wp:term":[{"taxonomy":"product_brand","embeddable":true,"href":"https:\/\/www.letutudanza.it\/de\/wp-json\/wp\/v2\/product_brand?post=380127"},{"taxonomy":"product_cat","embeddable":true,"href":"https:\/\/www.letutudanza.it\/de\/wp-json\/wp\/v2\/product_cat?post=380127"},{"taxonomy":"product_tag","embeddable":true,"href":"https:\/\/www.letutudanza.it\/de\/wp-json\/wp\/v2\/product_tag?post=380127"}],"curies":[{"name":"wp","href":"https:\/\/api.w.org\/{rel}","templated":true}]}}