{"id":380018,"date":"2022-05-18T19:50:24","date_gmt":"2022-05-18T17:50:24","guid":{"rendered":"https:\/\/letutudanza.it\/prodotto\/nackte-tanzsocken"},"modified":"2026-03-05T11:39:45","modified_gmt":"2026-03-05T10:39:45","slug":"fleischfarbene-tanz-socke","status":"publish","type":"product","link":"https:\/\/www.letutudanza.it\/de\/prodotto\/fleischfarbene-tanz-socke","title":{"rendered":"Nackte Tanzsocken"},"content":{"rendered":"<p>Fleischfarbene Tanzsocken, ideal f\u00fcr zeitgen\u00f6ssischen und modernen Tanz.<\/p>\n<p>Zusammensetzung:95 % Polyamid + 5 % Elastan.<\/p>\n<p>NB: Umtausch und\/oder R\u00fcckgabe f\u00fcr diese Art von Artikeln sind nicht m\u00f6glich<\/p>\n","protected":false},"excerpt":{"rendered":"<p>Fleischfarbene Tanzsocken, ideal f\u00fcr zeitgen\u00f6ssischen und modernen Tanz.<\/p>\n<p>Komposition:<\/p>\n<ul>\n<li>95 % Polyamid + 5 % Elastan.<\/li>\n<\/ul>\n<p>NB: Umtausch und\/oder R\u00fcckgabe f\u00fcr diese Art von Artikeln sind nicht m\u00f6glich<\/p>\n","protected":false},"featured_media":326244,"template":"","meta":{"_acf_changed":false},"product_brand":[],"product_cat":[1450,2114,1447,1448],"product_tag":[],"class_list":{"0":"post-380018","1":"product","2":"type-product","3":"status-publish","4":"has-post-thumbnail","6":"product_cat-tanz-und-tanzsocken","7":"product_cat-schuhe-fur-zeitgenossischen-tanz","8":"product_cat-zubehor","9":"product_cat-zubehor-fur-schuhe-und-fusse","11":"first","12":"instock","13":"shipping-taxable","14":"purchasable","15":"product-type-variable"},"acf":[],"_links":{"self":[{"href":"https:\/\/www.letutudanza.it\/de\/wp-json\/wp\/v2\/product\/380018","targetHints":{"allow":["GET"]}}],"collection":[{"href":"https:\/\/www.letutudanza.it\/de\/wp-json\/wp\/v2\/product"}],"about":[{"href":"https:\/\/www.letutudanza.it\/de\/wp-json\/wp\/v2\/types\/product"}],"wp:featuredmedia":[{"embeddable":true,"href":"https:\/\/www.letutudanza.it\/de\/wp-json\/wp\/v2\/media\/326244"}],"wp:attachment":[{"href":"https:\/\/www.letutudanza.it\/de\/wp-json\/wp\/v2\/media?parent=380018"}],"wp:term":[{"taxonomy":"product_brand","embeddable":true,"href":"https:\/\/www.letutudanza.it\/de\/wp-json\/wp\/v2\/product_brand?post=380018"},{"taxonomy":"product_cat","embeddable":true,"href":"https:\/\/www.letutudanza.it\/de\/wp-json\/wp\/v2\/product_cat?post=380018"},{"taxonomy":"product_tag","embeddable":true,"href":"https:\/\/www.letutudanza.it\/de\/wp-json\/wp\/v2\/product_tag?post=380018"}],"curies":[{"name":"wp","href":"https:\/\/api.w.org\/{rel}","templated":true}]}}