{"id":379975,"date":"2022-05-17T16:35:24","date_gmt":"2022-05-17T14:35:24","guid":{"rendered":"https:\/\/letutudanza.it\/prodotto\/beinlinge-40-cm-mit-steigbuegel"},"modified":"2026-01-13T21:21:25","modified_gmt":"2026-01-13T20:21:25","slug":"beinstulpen-90-cm-mit-bugel-kopie","status":"publish","type":"product","link":"https:\/\/www.letutudanza.it\/de\/prodotto\/beinstulpen-90-cm-mit-bugel-kopie","title":{"rendered":"40 cm lange Tanz-Beinw\u00e4rmer mit Steigb\u00fcgel"},"content":{"rendered":"<p><strong>Die 40 cm langen Tanz-Beinw\u00e4rmer von Katz mit Steigb\u00fcgeln<\/strong> sind ein unverzichtbares Accessoire zum <strong>Aufw\u00e4rmen<\/strong> vor, w\u00e4hrend und nach dem Ballettunterricht.<\/p>\n<p>Der <strong>Fersenriemen<\/strong> sorgt f\u00fcr einen perfekten Sitz am Bein und h\u00e4lt die Beinstulpe in der richtigen Position, wodurch ein l\u00e4stiges Verrutschen bei Barre- und Core-\u00dcbungen verhindert wird.<\/p>\n<p>Hergestellt aus <strong>100% weichem, hochwertigem Acryl<\/strong> , bieten sie eine hervorragende W\u00e4rmeisolierung, ohne steif zu sein, und tragen so zum Schutz von Waden und Kn\u00f6cheln sowie zur optimalen Muskelvorbereitung bei.<\/p>\n<p>Mit <strong>einer L\u00e4nge von 40 cm<\/strong> eignen sie sich sowohl f\u00fcr kleine M\u00e4dchen als auch f\u00fcr erwachsene T\u00e4nzerinnen und sind perfekt f\u00fcr den Einsatz in <strong>Tanzschulen, Akademien und im t\u00e4glichen Unterricht<\/strong> .<\/p>\n<h3>Eigenschaften<\/h3>\n<ul>\n<li>Typ: Tanz-Beinw\u00e4rmer<\/li>\n<li>L\u00e4nge: 40 cm<\/li>\n<li>Steigb\u00fcgel: Mit Fersen\u00f6ffnung<\/li>\n<li>Material: 100 % Acryl<\/li>\n<li>Marke: Katz<\/li>\n<\/ul>\n","protected":false},"excerpt":{"rendered":"<p><strong>40 cm lange Tanz-Beinw\u00e4rmer mit Fersenriemen<\/strong> , ideal zum Aufw\u00e4rmen. Die Riemen sorgen f\u00fcr <strong>sicheren Halt und korrekte Positionierung<\/strong> beim Training. Hergestellt aus <strong>100 % weichem und strapazierf\u00e4higem Acryl<\/strong> , perfekt f\u00fcr Ballett.  <\/p>\n","protected":false},"featured_media":326588,"template":"","meta":{"_acf_changed":false},"product_brand":[],"product_cat":[2102,1449,1513,1522,1447],"product_tag":[],"class_list":{"0":"post-379975","1":"product","2":"type-product","3":"status-publish","4":"has-post-thumbnail","6":"product_cat-beinwarmer","7":"product_cat-dehnen-und-trainieren","8":"product_cat-kleidung","9":"product_cat-sich-warm-laufen","10":"product_cat-zubehor","11":"pa_brand-katz-de","13":"first","14":"instock","15":"shipping-taxable","16":"purchasable","17":"product-type-variable"},"acf":[],"_links":{"self":[{"href":"https:\/\/www.letutudanza.it\/de\/wp-json\/wp\/v2\/product\/379975","targetHints":{"allow":["GET"]}}],"collection":[{"href":"https:\/\/www.letutudanza.it\/de\/wp-json\/wp\/v2\/product"}],"about":[{"href":"https:\/\/www.letutudanza.it\/de\/wp-json\/wp\/v2\/types\/product"}],"wp:featuredmedia":[{"embeddable":true,"href":"https:\/\/www.letutudanza.it\/de\/wp-json\/wp\/v2\/media\/326588"}],"wp:attachment":[{"href":"https:\/\/www.letutudanza.it\/de\/wp-json\/wp\/v2\/media?parent=379975"}],"wp:term":[{"taxonomy":"product_brand","embeddable":true,"href":"https:\/\/www.letutudanza.it\/de\/wp-json\/wp\/v2\/product_brand?post=379975"},{"taxonomy":"product_cat","embeddable":true,"href":"https:\/\/www.letutudanza.it\/de\/wp-json\/wp\/v2\/product_cat?post=379975"},{"taxonomy":"product_tag","embeddable":true,"href":"https:\/\/www.letutudanza.it\/de\/wp-json\/wp\/v2\/product_tag?post=379975"}],"curies":[{"name":"wp","href":"https:\/\/api.w.org\/{rel}","templated":true}]}}