{"id":379947,"date":"2022-05-17T16:35:09","date_gmt":"2022-05-17T14:35:09","guid":{"rendered":"https:\/\/letutudanza.it\/prodotto\/90-cm-beinlinge-mit-steigbuegel"},"modified":"2026-01-18T10:20:44","modified_gmt":"2026-01-18T09:20:44","slug":"beinstulpen-90-cm-mit-stegbugel","status":"publish","type":"product","link":"https:\/\/www.letutudanza.it\/de\/prodotto\/beinstulpen-90-cm-mit-stegbugel","title":{"rendered":"90 cm lange Tanz-Beinstulpen mit Aufw\u00e4rmhalterung"},"content":{"rendered":"<h2 style=\"text-align: center;\">Lange Tanz-Beinw\u00e4rmer mit Steigb\u00fcgel<\/h2>\n<p>Diese 90 cm langen Tanz-Beinw\u00e4rmer halten Ihre Muskeln beim Aufw\u00e4rmen und in den Pausen warm. Der Steg mit Fersen\u00f6ffnung sorgt f\u00fcr perfekten Sitz und verhindert ein Verrutschen bei Bewegungen. <\/p>\n<p>Sie bestehen aus 100 % weichem und strapazierf\u00e4higem Acryl und bieten Komfort und Langlebigkeit. Ideal f\u00fcr Ballett, Modern Dance und zeitgen\u00f6ssischen Tanz, eignen sie sich sowohl f\u00fcr den t\u00e4glichen Unterricht und die Proben als auch f\u00fcr den Backstage-Bereich. <\/p>\n","protected":false},"excerpt":{"rendered":"<p>90 cm lange Tanz-Beinw\u00e4rmer <strong>aus 100 % Acryl<\/strong> , weich und hochwertig. Ideal zum Aufw\u00e4rmen. Der <strong>Steigb\u00fcgel (Fersenloch)<\/strong> sorgt f\u00fcr Stabilit\u00e4t und Halt beim Training. Perfekt f\u00fcr Ballett, Modern Dance und zeitgen\u00f6ssischen Tanz.   <\/p>\n","protected":false},"featured_media":326230,"template":"","meta":{"_acf_changed":false},"product_brand":[],"product_cat":[2102,1449,1513,1522,1447],"product_tag":[],"class_list":{"0":"post-379947","1":"product","2":"type-product","3":"status-publish","4":"has-post-thumbnail","6":"product_cat-beinwarmer","7":"product_cat-dehnen-und-trainieren","8":"product_cat-kleidung","9":"product_cat-sich-warm-laufen","10":"product_cat-zubehor","11":"pa_brand-katz-de","13":"first","14":"instock","15":"shipping-taxable","16":"purchasable","17":"product-type-variable"},"acf":[],"_links":{"self":[{"href":"https:\/\/www.letutudanza.it\/de\/wp-json\/wp\/v2\/product\/379947","targetHints":{"allow":["GET"]}}],"collection":[{"href":"https:\/\/www.letutudanza.it\/de\/wp-json\/wp\/v2\/product"}],"about":[{"href":"https:\/\/www.letutudanza.it\/de\/wp-json\/wp\/v2\/types\/product"}],"wp:featuredmedia":[{"embeddable":true,"href":"https:\/\/www.letutudanza.it\/de\/wp-json\/wp\/v2\/media\/326230"}],"wp:attachment":[{"href":"https:\/\/www.letutudanza.it\/de\/wp-json\/wp\/v2\/media?parent=379947"}],"wp:term":[{"taxonomy":"product_brand","embeddable":true,"href":"https:\/\/www.letutudanza.it\/de\/wp-json\/wp\/v2\/product_brand?post=379947"},{"taxonomy":"product_cat","embeddable":true,"href":"https:\/\/www.letutudanza.it\/de\/wp-json\/wp\/v2\/product_cat?post=379947"},{"taxonomy":"product_tag","embeddable":true,"href":"https:\/\/www.letutudanza.it\/de\/wp-json\/wp\/v2\/product_tag?post=379947"}],"curies":[{"name":"wp","href":"https:\/\/api.w.org\/{rel}","templated":true}]}}