{"id":379917,"date":"2022-05-17T16:24:35","date_gmt":"2022-05-17T14:24:35","guid":{"rendered":"https:\/\/letutudanza.it\/prodotto\/rosa-spitzenschuh-schluesselanhaenger"},"modified":"2025-03-17T18:21:33","modified_gmt":"2025-03-17T17:21:33","slug":"spitzenschuh-schlusselanhanger","status":"publish","type":"product","link":"https:\/\/www.letutudanza.it\/de\/prodotto\/spitzenschuh-schlusselanhanger","title":{"rendered":"Rosa Spitzenschuh Schl\u00fcsselanh\u00e4nger"},"content":{"rendered":"<p>Schl\u00fcsselanh\u00e4nger mit Miniatur-Spitzenschuh-Anh\u00e4nger aus Satin und mit einem Band veredelt.<br \/>\nGr\u00f6\u00dfe: 8 cm (bezieht sich nur auf den Schuh)<br \/>\nEinzeln verpackt<\/p>\n","protected":false},"excerpt":{"rendered":"<p>Schl\u00fcsselanh\u00e4nger mit Miniatur-Spitzenschuh-Anh\u00e4nger aus Satin und mit Band veredelt.<\/p>\n<p> Gr\u00f6\u00dfe: 8 cm (bezieht sich nur auf den Schuh)<\/p>\n<p>&nbsp;<\/p>\n","protected":false},"featured_media":469029,"template":"","meta":{"_acf_changed":false},"product_brand":[],"product_cat":[1470],"product_tag":[],"class_list":{"0":"post-379917","1":"product","2":"type-product","3":"status-publish","4":"has-post-thumbnail","6":"product_cat-geschenkideen","7":"pa_brand-katz-de","9":"first","10":"outofstock","11":"shipping-taxable","12":"purchasable","13":"product-type-simple"},"acf":[],"_links":{"self":[{"href":"https:\/\/www.letutudanza.it\/de\/wp-json\/wp\/v2\/product\/379917","targetHints":{"allow":["GET"]}}],"collection":[{"href":"https:\/\/www.letutudanza.it\/de\/wp-json\/wp\/v2\/product"}],"about":[{"href":"https:\/\/www.letutudanza.it\/de\/wp-json\/wp\/v2\/types\/product"}],"wp:featuredmedia":[{"embeddable":true,"href":"https:\/\/www.letutudanza.it\/de\/wp-json\/wp\/v2\/media\/469029"}],"wp:attachment":[{"href":"https:\/\/www.letutudanza.it\/de\/wp-json\/wp\/v2\/media?parent=379917"}],"wp:term":[{"taxonomy":"product_brand","embeddable":true,"href":"https:\/\/www.letutudanza.it\/de\/wp-json\/wp\/v2\/product_brand?post=379917"},{"taxonomy":"product_cat","embeddable":true,"href":"https:\/\/www.letutudanza.it\/de\/wp-json\/wp\/v2\/product_cat?post=379917"},{"taxonomy":"product_tag","embeddable":true,"href":"https:\/\/www.letutudanza.it\/de\/wp-json\/wp\/v2\/product_tag?post=379917"}],"curies":[{"name":"wp","href":"https:\/\/api.w.org\/{rel}","templated":true}]}}