{"id":379562,"date":"2022-04-21T18:22:46","date_gmt":"2022-04-21T16:22:46","guid":{"rendered":"https:\/\/letutudanza.it\/prodotto\/vanie-stretch-demi-pointe-danzes-vous"},"modified":"2025-12-15T15:43:25","modified_gmt":"2025-12-15T14:43:25","slug":"halbspitze-elastik-vanie-tanze-vous","status":"publish","type":"product","link":"https:\/\/www.letutudanza.it\/de\/prodotto\/halbspitze-elastik-vanie-tanze-vous","title":{"rendered":"Halbe Spitzentanzschuhe aus Stretch-Canvas Dansez Vous &#8211; Vanie"},"content":{"rendered":"<p>Exzellenter Wert f\u00fcr Geld !<\/p>\n","protected":false},"excerpt":{"rendered":"<p>Halbzehe aus rosa elastischem Canvas, doppelt geteilte Sohle aus Vollwildleder.<br \/>\n Elastischer Rand ohne Kordelzug und vorgen\u00e4hte Gummib\u00e4nder sorgen f\u00fcr eine perfekte Passform am Spann.<br \/>\n Durch die konturierte Verarbeitung und die extra flachen Falten ist es f\u00fcr jeden Fu\u00dftyp geeignet.<\/p>\n<p> NB Aufgrund des au\u00dfergew\u00f6hnlichen Griffs empfehlen wir, mindestens eine Nummer gr\u00f6\u00dfer zu kaufen<\/p>\n","protected":false},"featured_media":326202,"template":"","meta":{"_acf_changed":false},"product_brand":[],"product_cat":[1864,2782,1617],"product_tag":[],"class_list":{"0":"post-379562","1":"product","2":"type-product","3":"status-publish","4":"has-post-thumbnail","6":"product_cat-halb-punkt-tanz","7":"product_cat-halbzeiger-dansez-vous","8":"product_cat-schuhe","9":"pa_brand-dansez-vous-de","11":"first","12":"instock","13":"shipping-taxable","14":"purchasable","15":"product-type-variable"},"acf":[],"_links":{"self":[{"href":"https:\/\/www.letutudanza.it\/de\/wp-json\/wp\/v2\/product\/379562","targetHints":{"allow":["GET"]}}],"collection":[{"href":"https:\/\/www.letutudanza.it\/de\/wp-json\/wp\/v2\/product"}],"about":[{"href":"https:\/\/www.letutudanza.it\/de\/wp-json\/wp\/v2\/types\/product"}],"wp:featuredmedia":[{"embeddable":true,"href":"https:\/\/www.letutudanza.it\/de\/wp-json\/wp\/v2\/media\/326202"}],"wp:attachment":[{"href":"https:\/\/www.letutudanza.it\/de\/wp-json\/wp\/v2\/media?parent=379562"}],"wp:term":[{"taxonomy":"product_brand","embeddable":true,"href":"https:\/\/www.letutudanza.it\/de\/wp-json\/wp\/v2\/product_brand?post=379562"},{"taxonomy":"product_cat","embeddable":true,"href":"https:\/\/www.letutudanza.it\/de\/wp-json\/wp\/v2\/product_cat?post=379562"},{"taxonomy":"product_tag","embeddable":true,"href":"https:\/\/www.letutudanza.it\/de\/wp-json\/wp\/v2\/product_tag?post=379562"}],"curies":[{"name":"wp","href":"https:\/\/api.w.org\/{rel}","templated":true}]}}