{"id":379532,"date":"2022-03-28T15:47:07","date_gmt":"2022-03-28T13:47:07","guid":{"rendered":"https:\/\/letutudanza.it\/prodotto\/zehenband-aus-stretchsatin"},"modified":"2026-03-05T11:45:03","modified_gmt":"2026-03-05T10:45:03","slug":"bloch-elastisches-band","status":"publish","type":"product","link":"https:\/\/www.letutudanza.it\/de\/prodotto\/bloch-elastisches-band","title":{"rendered":"Zehenband aus Stretchsatin"},"content":{"rendered":"<p>Stretch-Satin-Zehenband verbessert die Bewegung, Beugung und freie Streckung an Kn\u00f6cheln und Fersen. Es entlastet auch unn\u00f6tig die Achillessehnen, da es dem T\u00e4nzer erm\u00f6glicht, sich vom Pli\u00e9 zum Pointe zu bewegen.<\/p>\n<p>Packung mit 1,90 Tonnen<\/p>\n","protected":false},"excerpt":{"rendered":"<p>Stretch-Satin-Zehenband verbessert die Bewegung, Beugung und freie Streckung an Kn\u00f6cheln und Fersen. Es entlastet auch unn\u00f6tig die Achillessehnen, da es dem T\u00e4nzer erm\u00f6glicht, sich vom Pli\u00e9 zum Pointe zu bewegen.<\/p>\n<p>Packung mit 1,90 Tonnen<\/p>\n","protected":false},"featured_media":326194,"template":"","meta":{"_acf_changed":false},"product_brand":[],"product_cat":[1448,1447],"product_tag":[],"class_list":{"0":"post-379532","1":"product","2":"type-product","3":"status-publish","4":"has-post-thumbnail","6":"product_cat-zubehor-fur-schuhe-und-fusse","7":"product_cat-zubehor","8":"pa_brand-bloch-de","10":"first","11":"instock","12":"shipping-taxable","13":"purchasable","14":"product-type-simple"},"acf":[],"_links":{"self":[{"href":"https:\/\/www.letutudanza.it\/de\/wp-json\/wp\/v2\/product\/379532","targetHints":{"allow":["GET"]}}],"collection":[{"href":"https:\/\/www.letutudanza.it\/de\/wp-json\/wp\/v2\/product"}],"about":[{"href":"https:\/\/www.letutudanza.it\/de\/wp-json\/wp\/v2\/types\/product"}],"wp:featuredmedia":[{"embeddable":true,"href":"https:\/\/www.letutudanza.it\/de\/wp-json\/wp\/v2\/media\/326194"}],"wp:attachment":[{"href":"https:\/\/www.letutudanza.it\/de\/wp-json\/wp\/v2\/media?parent=379532"}],"wp:term":[{"taxonomy":"product_brand","embeddable":true,"href":"https:\/\/www.letutudanza.it\/de\/wp-json\/wp\/v2\/product_brand?post=379532"},{"taxonomy":"product_cat","embeddable":true,"href":"https:\/\/www.letutudanza.it\/de\/wp-json\/wp\/v2\/product_cat?post=379532"},{"taxonomy":"product_tag","embeddable":true,"href":"https:\/\/www.letutudanza.it\/de\/wp-json\/wp\/v2\/product_tag?post=379532"}],"curies":[{"name":"wp","href":"https:\/\/api.w.org\/{rel}","templated":true}]}}