{"id":379410,"date":"2022-03-08T09:37:28","date_gmt":"2022-03-08T08:37:28","guid":{"rendered":"https:\/\/letutudanza.it\/prodotto\/mini-studio-bag-rucksack-gaynor-minden"},"modified":"2024-12-25T12:49:31","modified_gmt":"2024-12-25T11:49:31","slug":"rucksack-mini-studio-tasche-gaynor-minden","status":"publish","type":"product","link":"https:\/\/www.letutudanza.it\/de\/prodotto\/rucksack-mini-studio-tasche-gaynor-minden","title":{"rendered":"Gaynor Minden Mini Studiotasche Rucksack"},"content":{"rendered":"<p>Tolles Geschenk f\u00fcr junge Ballerinas!<\/p>\n","protected":false},"excerpt":{"rendered":"<p>Kompakter und multifunktionaler Rucksack, bestehend aus <strong>einer gro\u00dfen Innentasche f\u00fcr Trinkgelder<\/strong> , einer gro\u00dfen Au\u00dfentasche und einem goldenen Rei\u00dfverschluss.<\/p>\n<p>Innen hat es ein farbenfrohes Futter mit Flamingo-Print.<\/p>\n<ul>\n<li><strong>Ma\u00dfe<\/strong> : 30 cm x 27 cm x 13 cm<\/li>\n<li><strong>Material<\/strong> : Polyester<\/li>\n<li><strong>Marke<\/strong> : Gaynor Minden<\/li>\n<\/ul>\n<p>&nbsp;<\/p>\n","protected":false},"featured_media":326110,"template":"","meta":{"_acf_changed":false},"product_brand":[],"product_cat":[1452,1470,1451,1505,1447],"product_tag":[],"class_list":{"0":"post-379410","1":"product","2":"type-product","3":"status-publish","4":"has-post-thumbnail","6":"product_cat-zubehor-ausfuhrung","7":"product_cat-geschenkideen","8":"product_cat-auslauf","9":"product_cat-tanztaschen-und-tutu-tasche","10":"product_cat-zubehor","11":"pa_brand-gaynor-minden-de","13":"first","14":"instock","15":"sale","16":"shipping-taxable","17":"purchasable","18":"product-type-simple"},"acf":[],"_links":{"self":[{"href":"https:\/\/www.letutudanza.it\/de\/wp-json\/wp\/v2\/product\/379410","targetHints":{"allow":["GET"]}}],"collection":[{"href":"https:\/\/www.letutudanza.it\/de\/wp-json\/wp\/v2\/product"}],"about":[{"href":"https:\/\/www.letutudanza.it\/de\/wp-json\/wp\/v2\/types\/product"}],"wp:featuredmedia":[{"embeddable":true,"href":"https:\/\/www.letutudanza.it\/de\/wp-json\/wp\/v2\/media\/326110"}],"wp:attachment":[{"href":"https:\/\/www.letutudanza.it\/de\/wp-json\/wp\/v2\/media?parent=379410"}],"wp:term":[{"taxonomy":"product_brand","embeddable":true,"href":"https:\/\/www.letutudanza.it\/de\/wp-json\/wp\/v2\/product_brand?post=379410"},{"taxonomy":"product_cat","embeddable":true,"href":"https:\/\/www.letutudanza.it\/de\/wp-json\/wp\/v2\/product_cat?post=379410"},{"taxonomy":"product_tag","embeddable":true,"href":"https:\/\/www.letutudanza.it\/de\/wp-json\/wp\/v2\/product_tag?post=379410"}],"curies":[{"name":"wp","href":"https:\/\/api.w.org\/{rel}","templated":true}]}}