{"id":379380,"date":"2022-03-04T15:53:21","date_gmt":"2022-03-04T14:53:21","guid":{"rendered":"https:\/\/letutudanza.it\/prodotto\/bunheads-bi-klebestreifen"},"modified":"2025-12-26T13:58:55","modified_gmt":"2025-12-26T12:58:55","slug":"doppelseitige-klebestreifen-bunheads","status":"publish","type":"product","link":"https:\/\/www.letutudanza.it\/de\/prodotto\/doppelseitige-klebestreifen-bunheads","title":{"rendered":"Bunheads Bi-Klebestreifen"},"content":{"rendered":"<pre id=\"tw-target-text\" class=\"tw-data-text tw-text-large tw-ta\" dir=\"ltr\" data-placeholder=\"Traduzione\"><span class=\"Y2IQFc\" lang=\"it\">Strisce di nastro biadesivo per da tenere sempre in posizione body, spalline del reggiseno, costumi e altri accessori per la danza.\nOttimo anche per fissare i nastri delle punte.\n Ogni confezione contiene 36 strisce adesive.<\/span><\/pre>\n","protected":false},"excerpt":{"rendered":"<p><span class=\"Y2IQFc\" lang=\"it\">Doppelseitige Klebebandstreifen eignen sich besonders gut, um Trikots, BH-Tr\u00e4ger und B\u00fchnenkost\u00fcme an Ort und Stelle zu halten.<br \/>\n Auch hervorragend geeignet zur Befestigung von Zehenb\u00e4ndern.<br \/>\n Packung mit 36 \u200b\u200bSt\u00fcck.<\/span><\/p>\n","protected":false},"featured_media":326102,"template":"","meta":{"_acf_changed":false},"product_brand":[],"product_cat":[1447,2822,1506],"product_tag":[],"class_list":{"0":"post-379380","1":"product","2":"type-product","3":"status-publish","4":"has-post-thumbnail","6":"product_cat-zubehor","7":"product_cat-buhnenkleidung","8":"product_cat-zubehor-zeigen","9":"pa_brand-bunheads-de","11":"first","12":"instock","13":"shipping-taxable","14":"purchasable","15":"product-type-simple"},"acf":[],"_links":{"self":[{"href":"https:\/\/www.letutudanza.it\/de\/wp-json\/wp\/v2\/product\/379380","targetHints":{"allow":["GET"]}}],"collection":[{"href":"https:\/\/www.letutudanza.it\/de\/wp-json\/wp\/v2\/product"}],"about":[{"href":"https:\/\/www.letutudanza.it\/de\/wp-json\/wp\/v2\/types\/product"}],"wp:featuredmedia":[{"embeddable":true,"href":"https:\/\/www.letutudanza.it\/de\/wp-json\/wp\/v2\/media\/326102"}],"wp:attachment":[{"href":"https:\/\/www.letutudanza.it\/de\/wp-json\/wp\/v2\/media?parent=379380"}],"wp:term":[{"taxonomy":"product_brand","embeddable":true,"href":"https:\/\/www.letutudanza.it\/de\/wp-json\/wp\/v2\/product_brand?post=379380"},{"taxonomy":"product_cat","embeddable":true,"href":"https:\/\/www.letutudanza.it\/de\/wp-json\/wp\/v2\/product_cat?post=379380"},{"taxonomy":"product_tag","embeddable":true,"href":"https:\/\/www.letutudanza.it\/de\/wp-json\/wp\/v2\/product_tag?post=379380"}],"curies":[{"name":"wp","href":"https:\/\/api.w.org\/{rel}","templated":true}]}}