{"id":379152,"date":"2021-11-30T12:57:24","date_gmt":"2021-11-30T11:57:24","guid":{"rendered":"https:\/\/letutudanza.it\/prodotto\/bloch-balance-european-strong-spitzenschuhe"},"modified":"2025-12-10T16:04:56","modified_gmt":"2025-12-10T15:04:56","slug":"bloch-balance-europaische-starke-spitzenschuhe","status":"publish","type":"product","link":"https:\/\/www.letutudanza.it\/de\/prodotto\/bloch-balance-europaische-starke-spitzenschuhe","title":{"rendered":"Bloch Balance European Strong Spitzenballettschuhe"},"content":{"rendered":"<p>Verf\u00fcgbar im XX-Plan<\/p>\n","protected":false},"excerpt":{"rendered":"<p>Diese Schuhe verf\u00fcgen \u00fcber alle gro\u00dfartigen Eigenschaften des Balance European und zus\u00e4tzlich \u00fcber eine steife Innensohle. Durch die charakteristische gew\u00f6lbte Form passen sie sich der anatomischen Form des Fu\u00dfes an, bieten Komfort und sch\u00fctzen vor Verletzungen. <\/p>\n<p>Eigenschaften<\/p>\n<ul>\n<li>Durch die gew\u00f6lbte Form bleibt die <strong>starre Innensohle in engem Kontakt mit dem Fu\u00dfgew\u00f6lbe<\/strong> , sch\u00fctzt vor Verletzungen und gibt der T\u00e4nzerin das Gef\u00fchl, den ganzen Tag auf Spitze stehen zu k\u00f6nnen.<\/li>\n<li>Ausgestattet mit einer stromlinienf\u00f6rmigen Box mit weniger Innenraum f\u00fcr einen sicheren, eng anliegenden Sitz; Obwohl die Au\u00dfenseite dieser Schuhe ein konischeres Aussehen hat, ist die Unterst\u00fctzung immer noch ziemlich breit<\/li>\n<li>Die breite Auflage beg\u00fcnstigt eine ausgewogene <strong>Gewichtsverteilung und reduziert den Druck auf die Mittelfu\u00dfknochen<\/strong><\/li>\n<li>Der <strong>Balance European Strong<\/strong> verf\u00fcgt \u00fcber eine diagonale Naht an den Seiten, die die Faltenbildung auf dem Satin reduziert.<\/li>\n<li>Das niedrige Profil, der breite Vamp und das Bungee-Kabel dieser Schuhe sorgen f\u00fcr eine eng anliegende, stromlinienf\u00f6rmige Passform<\/li>\n<\/ul>\n","protected":false},"featured_media":326050,"template":"","meta":{"_acf_changed":false},"product_brand":[],"product_cat":[2683,1617,1663],"product_tag":[],"class_list":{"0":"post-379152","1":"product","2":"type-product","3":"status-publish","4":"has-post-thumbnail","6":"product_cat-bloch-spitzenschuhe","7":"product_cat-schuhe","8":"product_cat-spitzenschuhe","9":"pa_brand-bloch-de","11":"first","12":"instock","13":"shipping-taxable","14":"purchasable","15":"product-type-variable"},"acf":[],"_links":{"self":[{"href":"https:\/\/www.letutudanza.it\/de\/wp-json\/wp\/v2\/product\/379152","targetHints":{"allow":["GET"]}}],"collection":[{"href":"https:\/\/www.letutudanza.it\/de\/wp-json\/wp\/v2\/product"}],"about":[{"href":"https:\/\/www.letutudanza.it\/de\/wp-json\/wp\/v2\/types\/product"}],"wp:featuredmedia":[{"embeddable":true,"href":"https:\/\/www.letutudanza.it\/de\/wp-json\/wp\/v2\/media\/326050"}],"wp:attachment":[{"href":"https:\/\/www.letutudanza.it\/de\/wp-json\/wp\/v2\/media?parent=379152"}],"wp:term":[{"taxonomy":"product_brand","embeddable":true,"href":"https:\/\/www.letutudanza.it\/de\/wp-json\/wp\/v2\/product_brand?post=379152"},{"taxonomy":"product_cat","embeddable":true,"href":"https:\/\/www.letutudanza.it\/de\/wp-json\/wp\/v2\/product_cat?post=379152"},{"taxonomy":"product_tag","embeddable":true,"href":"https:\/\/www.letutudanza.it\/de\/wp-json\/wp\/v2\/product_tag?post=379152"}],"curies":[{"name":"wp","href":"https:\/\/api.w.org\/{rel}","templated":true}]}}