{"id":379047,"date":"2021-10-22T16:48:34","date_gmt":"2021-10-22T14:48:34","guid":{"rendered":"https:\/\/letutudanza.it\/prodotto\/wissenschaftliche-studie"},"modified":"2025-09-27T20:41:18","modified_gmt":"2025-09-27T18:41:18","slug":"wissenschaftliche-studie","status":"publish","type":"product","link":"https:\/\/www.letutudanza.it\/de\/prodotto\/wissenschaftliche-studie","title":{"rendered":"Anzug f\u00fcr akademisches Tanzstudio"},"content":{"rendered":"<p>Akademischer Overall mit Rundhalsausschnitt, darunter lang\u00e4rmelig<\/p>\n<p>Erh\u00e4ltlich mit halben \u00c4rmeln, langen \u00c4rmeln oder 3\/4-\u00c4rmeln.<\/p>\n","protected":false},"excerpt":{"rendered":"<p>Akademischer Trainingsanzug mit Rundhalsausschnitt, darunter aus Strumpfhosen\/Tric\u00f2.<br \/>\nEs ist m\u00f6glich, den Artikel mit halben \u00c4rmeln, langen \u00c4rmeln oder 3\/4 herzustellen.<\/p>\n","protected":false},"featured_media":325842,"template":"","meta":{"_acf_changed":false},"product_brand":[],"product_cat":[1596,1513],"product_tag":[],"class_list":{"0":"post-379047","1":"product","2":"type-product","3":"status-publish","4":"has-post-thumbnail","6":"product_cat-akademische-anzuge","7":"product_cat-kleidung","8":"pa_brand-dl-tanzkleidung","10":"first","11":"instock","12":"shipping-taxable","13":"purchasable","14":"product-type-variable"},"acf":[],"_links":{"self":[{"href":"https:\/\/www.letutudanza.it\/de\/wp-json\/wp\/v2\/product\/379047","targetHints":{"allow":["GET"]}}],"collection":[{"href":"https:\/\/www.letutudanza.it\/de\/wp-json\/wp\/v2\/product"}],"about":[{"href":"https:\/\/www.letutudanza.it\/de\/wp-json\/wp\/v2\/types\/product"}],"wp:featuredmedia":[{"embeddable":true,"href":"https:\/\/www.letutudanza.it\/de\/wp-json\/wp\/v2\/media\/325842"}],"wp:attachment":[{"href":"https:\/\/www.letutudanza.it\/de\/wp-json\/wp\/v2\/media?parent=379047"}],"wp:term":[{"taxonomy":"product_brand","embeddable":true,"href":"https:\/\/www.letutudanza.it\/de\/wp-json\/wp\/v2\/product_brand?post=379047"},{"taxonomy":"product_cat","embeddable":true,"href":"https:\/\/www.letutudanza.it\/de\/wp-json\/wp\/v2\/product_cat?post=379047"},{"taxonomy":"product_tag","embeddable":true,"href":"https:\/\/www.letutudanza.it\/de\/wp-json\/wp\/v2\/product_tag?post=379047"}],"curies":[{"name":"wp","href":"https:\/\/api.w.org\/{rel}","templated":true}]}}