{"id":377906,"date":"2021-07-23T12:39:06","date_gmt":"2021-07-23T10:39:06","guid":{"rendered":"https:\/\/letutudanza.it\/prodotto\/koerper-polynesien"},"modified":"2025-09-12T14:39:55","modified_gmt":"2025-09-12T12:39:55","slug":"korper-polynesien-2","status":"publish","type":"product","link":"https:\/\/www.letutudanza.it\/de\/prodotto\/korper-polynesien-2","title":{"rendered":"Tanztrikot mit Tr\u00e4gern und gekreuzten Polynesienmustern"},"content":{"rendered":"<p>K\u00f6rper Polynesien. Body mit Tr\u00e4gern, V-Ausschnitt und asymmetrischen Schnitten an der Brust.<br \/>\nTiefer Ausschnitt auf der R\u00fcckseite mit einer Reihe von Kreuzen.<\/p>\n<p>Auf der Vorderseite gef\u00fcttert<\/p>\n","protected":false},"excerpt":{"rendered":"<p>K\u00f6rper Polynesien. Body mit Tr\u00e4gern, V-Ausschnitt und asymmetrischen Schnitten an der Brust. Tiefer Ausschnitt auf der R\u00fcckseite mit einer Reihe von Kreuzen. Auf der Vorderseite gef\u00fcttert<\/p>\n","protected":false},"featured_media":325668,"template":"","meta":{"_acf_changed":false},"product_brand":[],"product_cat":[1513,1550],"product_tag":[1552],"class_list":{"0":"post-377906","1":"product","2":"type-product","3":"status-publish","4":"has-post-thumbnail","6":"product_cat-kleidung","7":"product_cat-korper-tanz","8":"product_tag-balletttrikot-fur-erwachsene","9":"pa_brand-dl-tanzkleidung","11":"first","12":"instock","13":"shipping-taxable","14":"purchasable","15":"product-type-variable"},"acf":[],"_links":{"self":[{"href":"https:\/\/www.letutudanza.it\/de\/wp-json\/wp\/v2\/product\/377906","targetHints":{"allow":["GET"]}}],"collection":[{"href":"https:\/\/www.letutudanza.it\/de\/wp-json\/wp\/v2\/product"}],"about":[{"href":"https:\/\/www.letutudanza.it\/de\/wp-json\/wp\/v2\/types\/product"}],"wp:featuredmedia":[{"embeddable":true,"href":"https:\/\/www.letutudanza.it\/de\/wp-json\/wp\/v2\/media\/325668"}],"wp:attachment":[{"href":"https:\/\/www.letutudanza.it\/de\/wp-json\/wp\/v2\/media?parent=377906"}],"wp:term":[{"taxonomy":"product_brand","embeddable":true,"href":"https:\/\/www.letutudanza.it\/de\/wp-json\/wp\/v2\/product_brand?post=377906"},{"taxonomy":"product_cat","embeddable":true,"href":"https:\/\/www.letutudanza.it\/de\/wp-json\/wp\/v2\/product_cat?post=377906"},{"taxonomy":"product_tag","embeddable":true,"href":"https:\/\/www.letutudanza.it\/de\/wp-json\/wp\/v2\/product_tag?post=377906"}],"curies":[{"name":"wp","href":"https:\/\/api.w.org\/{rel}","templated":true}]}}