{"id":377562,"date":"2021-07-23T12:15:34","date_gmt":"2021-07-23T10:15:34","guid":{"rendered":"https:\/\/letutudanza.it\/prodotto\/koerper-seidelbast"},"modified":"2025-09-12T15:40:56","modified_gmt":"2025-09-12T13:40:56","slug":"korper-seidelbast","status":"publish","type":"product","link":"https:\/\/www.letutudanza.it\/de\/prodotto\/korper-seidelbast","title":{"rendered":"Dafne M\u00e4dchen-Tanzbody mit Rock"},"content":{"rendered":"","protected":false},"excerpt":{"rendered":"<p>Basic-Studio-Body mit angesetztem Rock, ideal f\u00fcr Unterkurse oder Tanzspiele. \u00a7 Rundhalsausschnitt und halbe \u00c4rmel. Abgerundet mit einem kleinen G\u00fcrtel und einer Schleife in der Taille. Vorne gef\u00fcttert<\/p>\n","protected":false},"featured_media":325678,"template":"","meta":{"_acf_changed":false},"product_brand":[],"product_cat":[1513,1550],"product_tag":[1904],"class_list":{"0":"post-377562","1":"product","2":"type-product","3":"status-publish","4":"has-post-thumbnail","6":"product_cat-kleidung","7":"product_cat-korper-tanz","8":"product_tag-tanztrikot-fur-babys","9":"pa_brand-dl-tanzkleidung","11":"first","12":"instock","13":"shipping-taxable","14":"purchasable","15":"product-type-variable"},"acf":[],"_links":{"self":[{"href":"https:\/\/www.letutudanza.it\/de\/wp-json\/wp\/v2\/product\/377562","targetHints":{"allow":["GET"]}}],"collection":[{"href":"https:\/\/www.letutudanza.it\/de\/wp-json\/wp\/v2\/product"}],"about":[{"href":"https:\/\/www.letutudanza.it\/de\/wp-json\/wp\/v2\/types\/product"}],"wp:featuredmedia":[{"embeddable":true,"href":"https:\/\/www.letutudanza.it\/de\/wp-json\/wp\/v2\/media\/325678"}],"wp:attachment":[{"href":"https:\/\/www.letutudanza.it\/de\/wp-json\/wp\/v2\/media?parent=377562"}],"wp:term":[{"taxonomy":"product_brand","embeddable":true,"href":"https:\/\/www.letutudanza.it\/de\/wp-json\/wp\/v2\/product_brand?post=377562"},{"taxonomy":"product_cat","embeddable":true,"href":"https:\/\/www.letutudanza.it\/de\/wp-json\/wp\/v2\/product_cat?post=377562"},{"taxonomy":"product_tag","embeddable":true,"href":"https:\/\/www.letutudanza.it\/de\/wp-json\/wp\/v2\/product_tag?post=377562"}],"curies":[{"name":"wp","href":"https:\/\/api.w.org\/{rel}","templated":true}]}}