{"id":375764,"date":"2021-10-06T15:45:55","date_gmt":"2021-10-06T13:45:55","guid":{"rendered":"https:\/\/letutudanza.it\/prodotto\/koerper-ludo"},"modified":"2025-09-13T18:25:26","modified_gmt":"2025-09-13T16:25:26","slug":"korper-ludo","status":"publish","type":"product","link":"https:\/\/www.letutudanza.it\/de\/prodotto\/korper-ludo","title":{"rendered":"Ludo-Tanzbody mit Tr\u00e4gern und Rock"},"content":{"rendered":"<p>Tanztrikot mit Tr\u00e4gern, mit angesetztem Rock, ideal f\u00fcr M\u00e4dchen und Unterschichten.<\/p>\n<p>Vorne gef\u00fcttert<\/p>\n","protected":false},"excerpt":{"rendered":"<p>Idealer Body f\u00fcr M\u00e4dchen und Unterschichten. Vorne gef\u00fcttert<\/p>\n","protected":false},"featured_media":325690,"template":"","meta":{"_acf_changed":false},"product_brand":[],"product_cat":[1550,1513],"product_tag":[1904],"class_list":{"0":"post-375764","1":"product","2":"type-product","3":"status-publish","4":"has-post-thumbnail","6":"product_cat-korper-tanz","7":"product_cat-kleidung","8":"product_tag-tanztrikot-fur-babys","9":"pa_brand-dl-tanzkleidung","11":"first","12":"instock","13":"shipping-taxable","14":"purchasable","15":"product-type-variable"},"acf":[],"_links":{"self":[{"href":"https:\/\/www.letutudanza.it\/de\/wp-json\/wp\/v2\/product\/375764","targetHints":{"allow":["GET"]}}],"collection":[{"href":"https:\/\/www.letutudanza.it\/de\/wp-json\/wp\/v2\/product"}],"about":[{"href":"https:\/\/www.letutudanza.it\/de\/wp-json\/wp\/v2\/types\/product"}],"wp:featuredmedia":[{"embeddable":true,"href":"https:\/\/www.letutudanza.it\/de\/wp-json\/wp\/v2\/media\/325690"}],"wp:attachment":[{"href":"https:\/\/www.letutudanza.it\/de\/wp-json\/wp\/v2\/media?parent=375764"}],"wp:term":[{"taxonomy":"product_brand","embeddable":true,"href":"https:\/\/www.letutudanza.it\/de\/wp-json\/wp\/v2\/product_brand?post=375764"},{"taxonomy":"product_cat","embeddable":true,"href":"https:\/\/www.letutudanza.it\/de\/wp-json\/wp\/v2\/product_cat?post=375764"},{"taxonomy":"product_tag","embeddable":true,"href":"https:\/\/www.letutudanza.it\/de\/wp-json\/wp\/v2\/product_tag?post=375764"}],"curies":[{"name":"wp","href":"https:\/\/api.w.org\/{rel}","templated":true}]}}