{"id":374833,"date":"2021-07-22T10:31:11","date_gmt":"2021-07-22T08:31:11","guid":{"rendered":"https:\/\/letutudanza.it\/prodotto\/koerper-sal"},"modified":"2025-09-12T17:08:52","modified_gmt":"2025-09-12T15:08:52","slug":"korpersal","status":"publish","type":"product","link":"https:\/\/www.letutudanza.it\/de\/prodotto\/korpersal","title":{"rendered":"Tanktop-Tanzbody mit weitem R\u00fcckenausschnitt Sal"},"content":{"rendered":"<p>Camisole-Bodysuit, tiefer Ausschnitt auf der R\u00fcckseite. Vorne gef\u00fcttert<\/p>\n<p>Auf Anfrage in nicht aufgef\u00fchrten Farben erh\u00e4ltlich<\/p>\n","protected":false},"excerpt":{"rendered":"<p>Camisole-Bodysuit, tiefer Ausschnitt auf der R\u00fcckseite.<br \/>\nVorne gef\u00fcttert<\/p>\n<p>&nbsp;<\/p>\n","protected":false},"featured_media":411862,"template":"","meta":{"_acf_changed":false},"product_brand":[],"product_cat":[1513,1550],"product_tag":[1552],"class_list":{"0":"post-374833","1":"product","2":"type-product","3":"status-publish","4":"has-post-thumbnail","6":"product_cat-kleidung","7":"product_cat-korper-tanz","8":"product_tag-balletttrikot-fur-erwachsene","9":"pa_brand-dl-tanzkleidung","11":"first","12":"instock","13":"shipping-taxable","14":"purchasable","15":"product-type-variable"},"acf":[],"_links":{"self":[{"href":"https:\/\/www.letutudanza.it\/de\/wp-json\/wp\/v2\/product\/374833","targetHints":{"allow":["GET"]}}],"collection":[{"href":"https:\/\/www.letutudanza.it\/de\/wp-json\/wp\/v2\/product"}],"about":[{"href":"https:\/\/www.letutudanza.it\/de\/wp-json\/wp\/v2\/types\/product"}],"wp:featuredmedia":[{"embeddable":true,"href":"https:\/\/www.letutudanza.it\/de\/wp-json\/wp\/v2\/media\/411862"}],"wp:attachment":[{"href":"https:\/\/www.letutudanza.it\/de\/wp-json\/wp\/v2\/media?parent=374833"}],"wp:term":[{"taxonomy":"product_brand","embeddable":true,"href":"https:\/\/www.letutudanza.it\/de\/wp-json\/wp\/v2\/product_brand?post=374833"},{"taxonomy":"product_cat","embeddable":true,"href":"https:\/\/www.letutudanza.it\/de\/wp-json\/wp\/v2\/product_cat?post=374833"},{"taxonomy":"product_tag","embeddable":true,"href":"https:\/\/www.letutudanza.it\/de\/wp-json\/wp\/v2\/product_tag?post=374833"}],"curies":[{"name":"wp","href":"https:\/\/api.w.org\/{rel}","templated":true}]}}