{"id":374341,"date":"2021-07-22T11:56:23","date_gmt":"2021-07-22T09:56:23","guid":{"rendered":"https:\/\/letutudanza.it\/prodotto\/koerper-mit-pistagnina"},"modified":"2025-09-13T20:55:45","modified_gmt":"2025-09-13T18:55:45","slug":"korper-mit-pistagnina","status":"publish","type":"product","link":"https:\/\/www.letutudanza.it\/de\/prodotto\/korper-mit-pistagnina","title":{"rendered":"Langarm-Tanzbody Modell Michela"},"content":{"rendered":"<p>Body mit Paspeln (oder halber Kragen), mit langen \u00c4rmeln, Schlitz auf der R\u00fcckseite und mit Schn\u00fcrsenkeln versehen<\/p>\n<p>Vorne gef\u00fcttert<\/p>\n","protected":false},"excerpt":{"rendered":"<p>Body mit hoher Paspelierung (oder Halbkragen), R\u00fcckenausschnitt und verstellbaren Schn\u00fcrsenkeln. Mit langen \u00c4rmeln gefertigt, ist es auch ideal f\u00fcr zeitgen\u00f6ssische Shows. Vorne gef\u00fcttert<\/p>\n","protected":false},"featured_media":325676,"template":"","meta":{"_acf_changed":false},"product_brand":[],"product_cat":[1513,1550],"product_tag":[1552],"class_list":{"0":"post-374341","1":"product","2":"type-product","3":"status-publish","4":"has-post-thumbnail","6":"product_cat-kleidung","7":"product_cat-korper-tanz","8":"product_tag-balletttrikot-fur-erwachsene","9":"pa_brand-dl-tanzkleidung","11":"first","12":"instock","13":"shipping-taxable","14":"purchasable","15":"product-type-variable"},"acf":[],"_links":{"self":[{"href":"https:\/\/www.letutudanza.it\/de\/wp-json\/wp\/v2\/product\/374341","targetHints":{"allow":["GET"]}}],"collection":[{"href":"https:\/\/www.letutudanza.it\/de\/wp-json\/wp\/v2\/product"}],"about":[{"href":"https:\/\/www.letutudanza.it\/de\/wp-json\/wp\/v2\/types\/product"}],"wp:featuredmedia":[{"embeddable":true,"href":"https:\/\/www.letutudanza.it\/de\/wp-json\/wp\/v2\/media\/325676"}],"wp:attachment":[{"href":"https:\/\/www.letutudanza.it\/de\/wp-json\/wp\/v2\/media?parent=374341"}],"wp:term":[{"taxonomy":"product_brand","embeddable":true,"href":"https:\/\/www.letutudanza.it\/de\/wp-json\/wp\/v2\/product_brand?post=374341"},{"taxonomy":"product_cat","embeddable":true,"href":"https:\/\/www.letutudanza.it\/de\/wp-json\/wp\/v2\/product_cat?post=374341"},{"taxonomy":"product_tag","embeddable":true,"href":"https:\/\/www.letutudanza.it\/de\/wp-json\/wp\/v2\/product_tag?post=374341"}],"curies":[{"name":"wp","href":"https:\/\/api.w.org\/{rel}","templated":true}]}}