{"id":373859,"date":"2021-07-22T10:54:11","date_gmt":"2021-07-22T08:54:11","guid":{"rendered":"https:\/\/letutudanza.it\/prodotto\/koerper-honduras"},"modified":"2025-09-12T15:23:33","modified_gmt":"2025-09-12T13:23:33","slug":"korper-honduras","status":"publish","type":"product","link":"https:\/\/www.letutudanza.it\/de\/prodotto\/korper-honduras","title":{"rendered":"Tanzbodysuit f\u00fcr M\u00e4dchen aus Honduras mit Schleife"},"content":{"rendered":"<p>Body Honduras: Body Studio, Rundhalsausschnitt, gef\u00fctterte Vorderseite.<br \/>\nTieferer Ausschnitt auf der R\u00fcckseite mit einer Schleife aus dem gleichen Stoff wie der Body.<\/p>\n<p>Auf Bestellung auch in anderen nicht aufgef\u00fchrten Farben erh\u00e4ltlich<\/p>\n","protected":false},"excerpt":{"rendered":"<p>Body Studio Rundhalsausschnitt, gef\u00fctterte Vorderseite. Tieferer Ausschnitt auf der R\u00fcckseite mit einer Schleife aus dem gleichen Stoff wie der Body. Es ist m\u00f6glich, den K\u00f6rper mit Arml\u00f6chern oder halben \u00c4rmeln zu fertigen<\/p>\n","protected":false},"featured_media":325684,"template":"","meta":{"_acf_changed":false},"product_brand":[],"product_cat":[1513,1550],"product_tag":[1904],"class_list":{"0":"post-373859","1":"product","2":"type-product","3":"status-publish","4":"has-post-thumbnail","6":"product_cat-kleidung","7":"product_cat-korper-tanz","8":"product_tag-tanztrikot-fur-babys","9":"pa_brand-dl-tanzkleidung","11":"first","12":"instock","13":"shipping-taxable","14":"purchasable","15":"product-type-variable"},"acf":[],"_links":{"self":[{"href":"https:\/\/www.letutudanza.it\/de\/wp-json\/wp\/v2\/product\/373859","targetHints":{"allow":["GET"]}}],"collection":[{"href":"https:\/\/www.letutudanza.it\/de\/wp-json\/wp\/v2\/product"}],"about":[{"href":"https:\/\/www.letutudanza.it\/de\/wp-json\/wp\/v2\/types\/product"}],"wp:featuredmedia":[{"embeddable":true,"href":"https:\/\/www.letutudanza.it\/de\/wp-json\/wp\/v2\/media\/325684"}],"wp:attachment":[{"href":"https:\/\/www.letutudanza.it\/de\/wp-json\/wp\/v2\/media?parent=373859"}],"wp:term":[{"taxonomy":"product_brand","embeddable":true,"href":"https:\/\/www.letutudanza.it\/de\/wp-json\/wp\/v2\/product_brand?post=373859"},{"taxonomy":"product_cat","embeddable":true,"href":"https:\/\/www.letutudanza.it\/de\/wp-json\/wp\/v2\/product_cat?post=373859"},{"taxonomy":"product_tag","embeddable":true,"href":"https:\/\/www.letutudanza.it\/de\/wp-json\/wp\/v2\/product_tag?post=373859"}],"curies":[{"name":"wp","href":"https:\/\/api.w.org\/{rel}","templated":true}]}}