{"id":371049,"date":"2021-07-22T11:29:27","date_gmt":"2021-07-22T09:29:27","guid":{"rendered":"https:\/\/letutudanza.it\/prodotto\/koerper-russland"},"modified":"2025-09-13T21:18:10","modified_gmt":"2025-09-13T19:18:10","slug":"korper-russland","status":"publish","type":"product","link":"https:\/\/www.letutudanza.it\/de\/prodotto\/korper-russland","title":{"rendered":"Tanztrikot mit speziellem Russland-Ausschnitt auf der R\u00fcckseite"},"content":{"rendered":"","protected":false},"excerpt":{"rendered":"<p>Camisole-Body mit tiefem R\u00fcckenausschnitt mit doppelt gekreuztem Band. K\u00f6rper nach vorne gef\u00fcttert. Erh\u00e4ltlich in verschiedenen Farben und Materialien.<\/p>\n","protected":false},"featured_media":476818,"template":"","meta":{"_acf_changed":false},"product_brand":[],"product_cat":[1513,1550],"product_tag":[1552],"class_list":{"0":"post-371049","1":"product","2":"type-product","3":"status-publish","4":"has-post-thumbnail","6":"product_cat-kleidung","7":"product_cat-korper-tanz","8":"product_tag-balletttrikot-fur-erwachsene","9":"pa_brand-dl-tanzkleidung","11":"first","12":"instock","13":"shipping-taxable","14":"purchasable","15":"product-type-variable"},"acf":[],"_links":{"self":[{"href":"https:\/\/www.letutudanza.it\/de\/wp-json\/wp\/v2\/product\/371049","targetHints":{"allow":["GET"]}}],"collection":[{"href":"https:\/\/www.letutudanza.it\/de\/wp-json\/wp\/v2\/product"}],"about":[{"href":"https:\/\/www.letutudanza.it\/de\/wp-json\/wp\/v2\/types\/product"}],"wp:featuredmedia":[{"embeddable":true,"href":"https:\/\/www.letutudanza.it\/de\/wp-json\/wp\/v2\/media\/476818"}],"wp:attachment":[{"href":"https:\/\/www.letutudanza.it\/de\/wp-json\/wp\/v2\/media?parent=371049"}],"wp:term":[{"taxonomy":"product_brand","embeddable":true,"href":"https:\/\/www.letutudanza.it\/de\/wp-json\/wp\/v2\/product_brand?post=371049"},{"taxonomy":"product_cat","embeddable":true,"href":"https:\/\/www.letutudanza.it\/de\/wp-json\/wp\/v2\/product_cat?post=371049"},{"taxonomy":"product_tag","embeddable":true,"href":"https:\/\/www.letutudanza.it\/de\/wp-json\/wp\/v2\/product_tag?post=371049"}],"curies":[{"name":"wp","href":"https:\/\/api.w.org\/{rel}","templated":true}]}}