{"id":370600,"date":"2021-05-14T00:39:51","date_gmt":"2021-05-13T22:39:51","guid":{"rendered":"https:\/\/letutudanza.it\/prodotto\/hoch-taillierte-strumpfhose-mit-fuss"},"modified":"2025-12-10T17:39:33","modified_gmt":"2025-12-10T16:39:33","slug":"hoch-taillierte-strumpfhose","status":"publish","type":"product","link":"https:\/\/www.letutudanza.it\/de\/prodotto\/hoch-taillierte-strumpfhose","title":{"rendered":"Herren-Tanzstrumpfhose mit hoch tailliertem Fu\u00df"},"content":{"rendered":"<p>Hoch taillierte Strumpfhose mit Fu\u00df. Anhaftend und fertig mit Fu\u00df.<\/p>\n<p>Auf Bestellung gefertigt, erh\u00e4ltlich in allen Farben, die nicht auf der Liste stehen.<\/p>\n","protected":false},"excerpt":{"rendered":"<p>Strumpfhose mit Fu\u00df, Brustbeinh\u00f6he.<\/p>\n","protected":false},"featured_media":419423,"template":"","meta":{"_acf_changed":false},"product_brand":[],"product_cat":[1633,1516,1513],"product_tag":[],"class_list":{"0":"post-370600","1":"product","2":"type-product","3":"status-publish","4":"has-post-thumbnail","6":"product_cat-strumpfhosen-und-socken-fur-herren","7":"product_cat-herrenlinie","8":"product_cat-kleidung","9":"pa_brand-dl-tanzkleidung","11":"first","12":"instock","13":"shipping-taxable","14":"purchasable","15":"product-type-variable"},"acf":[],"_links":{"self":[{"href":"https:\/\/www.letutudanza.it\/de\/wp-json\/wp\/v2\/product\/370600","targetHints":{"allow":["GET"]}}],"collection":[{"href":"https:\/\/www.letutudanza.it\/de\/wp-json\/wp\/v2\/product"}],"about":[{"href":"https:\/\/www.letutudanza.it\/de\/wp-json\/wp\/v2\/types\/product"}],"wp:featuredmedia":[{"embeddable":true,"href":"https:\/\/www.letutudanza.it\/de\/wp-json\/wp\/v2\/media\/419423"}],"wp:attachment":[{"href":"https:\/\/www.letutudanza.it\/de\/wp-json\/wp\/v2\/media?parent=370600"}],"wp:term":[{"taxonomy":"product_brand","embeddable":true,"href":"https:\/\/www.letutudanza.it\/de\/wp-json\/wp\/v2\/product_brand?post=370600"},{"taxonomy":"product_cat","embeddable":true,"href":"https:\/\/www.letutudanza.it\/de\/wp-json\/wp\/v2\/product_cat?post=370600"},{"taxonomy":"product_tag","embeddable":true,"href":"https:\/\/www.letutudanza.it\/de\/wp-json\/wp\/v2\/product_tag?post=370600"}],"curies":[{"name":"wp","href":"https:\/\/api.w.org\/{rel}","templated":true}]}}