{"id":370441,"date":"2021-07-14T01:10:56","date_gmt":"2021-07-13T23:10:56","guid":{"rendered":"https:\/\/letutudanza.it\/prodotto\/koerper-boehmisch"},"modified":"2025-09-12T17:24:32","modified_gmt":"2025-09-12T15:24:32","slug":"korper-bohemian","status":"publish","type":"product","link":"https:\/\/www.letutudanza.it\/de\/prodotto\/korper-bohemian","title":{"rendered":"Boheme-Tanzbody aus Spitze"},"content":{"rendered":"<p>Boheme-Body mit Rundhalsausschnitt auf der Vorderseite, mit kurzen \u00c4rmeln aus Spitze, R\u00fcckenteil komplett aus bestickter Spitze und mit einem Spiel von Strapsen bedeckt. Dieser elegante Trikotanzug ist ideal f\u00fcr Lehrer und professionelle T\u00e4nzer. Der K\u00f6rper ist nach vorne gef\u00fcttert.<\/p>\n<p>Neu und stylisch, ideal f\u00fcr ein Praktikum oder Vorsprechen.<\/p>\n","protected":false},"excerpt":{"rendered":"<p>Body mit rundem Ausschnitt vorne und Spitzen\u00e4rmeln.<\/p>\n<p>Der hintere Teil ist komplett aus bestickter Spitze und mit einem speziellen Hosentr\u00e4gergeflecht \u00fcberzogen.<\/p>\n<p>Dieses elegante Trikot ist ideal f\u00fcr Lehrer und professionelle T\u00e4nzer und ideal f\u00fcr B\u00fchnen oder Vorsprechen. Nach vorne gef\u00fcttert.  <\/p>\n","protected":false},"featured_media":325754,"template":"","meta":{"_acf_changed":false},"product_brand":[],"product_cat":[1513,1550],"product_tag":[1552],"class_list":{"0":"post-370441","1":"product","2":"type-product","3":"status-publish","4":"has-post-thumbnail","6":"product_cat-kleidung","7":"product_cat-korper-tanz","8":"product_tag-balletttrikot-fur-erwachsene","9":"pa_brand-dl-tanzkleidung","11":"first","12":"instock","13":"shipping-taxable","14":"purchasable","15":"product-type-variable"},"acf":[],"_links":{"self":[{"href":"https:\/\/www.letutudanza.it\/de\/wp-json\/wp\/v2\/product\/370441","targetHints":{"allow":["GET"]}}],"collection":[{"href":"https:\/\/www.letutudanza.it\/de\/wp-json\/wp\/v2\/product"}],"about":[{"href":"https:\/\/www.letutudanza.it\/de\/wp-json\/wp\/v2\/types\/product"}],"wp:featuredmedia":[{"embeddable":true,"href":"https:\/\/www.letutudanza.it\/de\/wp-json\/wp\/v2\/media\/325754"}],"wp:attachment":[{"href":"https:\/\/www.letutudanza.it\/de\/wp-json\/wp\/v2\/media?parent=370441"}],"wp:term":[{"taxonomy":"product_brand","embeddable":true,"href":"https:\/\/www.letutudanza.it\/de\/wp-json\/wp\/v2\/product_brand?post=370441"},{"taxonomy":"product_cat","embeddable":true,"href":"https:\/\/www.letutudanza.it\/de\/wp-json\/wp\/v2\/product_cat?post=370441"},{"taxonomy":"product_tag","embeddable":true,"href":"https:\/\/www.letutudanza.it\/de\/wp-json\/wp\/v2\/product_tag?post=370441"}],"curies":[{"name":"wp","href":"https:\/\/api.w.org\/{rel}","templated":true}]}}