{"id":369899,"date":"2021-07-14T01:49:11","date_gmt":"2021-07-13T23:49:11","guid":{"rendered":"https:\/\/letutudanza.it\/prodotto\/koerper-istrien"},"modified":"2026-04-17T16:04:14","modified_gmt":"2026-04-17T14:04:14","slug":"korper-istrien","status":"publish","type":"product","link":"https:\/\/www.letutudanza.it\/de\/prodotto\/korper-istrien","title":{"rendered":"Tanzbody mit Tanktop und gl\u00e4nzendem Effekt"},"content":{"rendered":"<p>Ideal auch f\u00fcr Shows<\/p>\n","protected":false},"excerpt":{"rendered":"<p>Tanktop aus hellblauem Chintz-Lycra mit gl\u00e4nzendem Effekt.<br \/>\n St\u00fcrmerreihe<\/p>\n<p> Nur in Gr\u00f6\u00dfe XS verf\u00fcgbar<\/p>\n","protected":false},"featured_media":325316,"template":"","meta":{"_acf_changed":false},"product_brand":[],"product_cat":[1521,1451],"product_tag":[],"class_list":{"0":"post-369899","1":"product","2":"type-product","3":"status-publish","4":"has-post-thumbnail","6":"product_cat-auslasskorper","7":"product_cat-auslauf","8":"pa_brand-dl-tanzkleidung","10":"first","11":"instock","12":"sale","13":"shipping-taxable","14":"purchasable","15":"product-type-simple"},"acf":[],"_links":{"self":[{"href":"https:\/\/www.letutudanza.it\/de\/wp-json\/wp\/v2\/product\/369899","targetHints":{"allow":["GET"]}}],"collection":[{"href":"https:\/\/www.letutudanza.it\/de\/wp-json\/wp\/v2\/product"}],"about":[{"href":"https:\/\/www.letutudanza.it\/de\/wp-json\/wp\/v2\/types\/product"}],"wp:featuredmedia":[{"embeddable":true,"href":"https:\/\/www.letutudanza.it\/de\/wp-json\/wp\/v2\/media\/325316"}],"wp:attachment":[{"href":"https:\/\/www.letutudanza.it\/de\/wp-json\/wp\/v2\/media?parent=369899"}],"wp:term":[{"taxonomy":"product_brand","embeddable":true,"href":"https:\/\/www.letutudanza.it\/de\/wp-json\/wp\/v2\/product_brand?post=369899"},{"taxonomy":"product_cat","embeddable":true,"href":"https:\/\/www.letutudanza.it\/de\/wp-json\/wp\/v2\/product_cat?post=369899"},{"taxonomy":"product_tag","embeddable":true,"href":"https:\/\/www.letutudanza.it\/de\/wp-json\/wp\/v2\/product_tag?post=369899"}],"curies":[{"name":"wp","href":"https:\/\/api.w.org\/{rel}","templated":true}]}}