{"id":369657,"date":"2021-07-14T01:38:57","date_gmt":"2021-07-13T23:38:57","guid":{"rendered":"https:\/\/letutudanza.it\/prodotto\/capezio-hanami-demi-pointe-rosa-2037w"},"modified":"2025-12-06T16:09:58","modified_gmt":"2025-12-06T15:09:58","slug":"demi-pointe-capezio-hanami-2037w","status":"publish","type":"product","link":"https:\/\/www.letutudanza.it\/de\/prodotto\/demi-pointe-capezio-hanami-2037w","title":{"rendered":"Capezio Hanami Dance Halbspitzenschuhe Rosa 2037W"},"content":{"rendered":"<p>PRODUKTEIGENSCHAFTEN:<\/p>\n<ul>\n<li>Ballettschuh aus Segeltuch<\/li>\n<li>Obermaterial aus Stretch-Canvas<\/li>\n<li>Geteilte Sohle mit einer aerodynamischen Verbindung, die sich besser an die Konturen des Fu\u00dfes anpasst<\/li>\n<li>Lederpatches<\/li>\n<li>Futter aus Polyester und Baumwolle<\/li>\n<li>Extrem flache Falten<\/li>\n<li>Kein Kordelzug<\/li>\n<li>Vormontierte Kreuzgummis<\/li>\n<\/ul>\n","protected":false},"excerpt":{"rendered":"<p>Der ultraleichte Capezio Demi-Pointe!<br \/>\n Hergestellt aus vollst\u00e4ndig dehnbarem Canvas, das sich so weit dehnt, dass Sie das Gef\u00fchl haben, gar nichts zu tragen.<\/p>\n<p> Die Sohle ist geteilt und bietet maximalen Mittelfu\u00dfschutz, wodurch der Fu\u00df besser rotieren kann.<\/p>\n<p> Patentierte Technologie, die einen nahtlosen Zwickel im Fu\u00dfgew\u00f6lbe des Schuhs erzeugt: Das bedeutet, dass Sie beim Strecken und Beugen Ihres Fu\u00dfes keine N\u00e4hte st\u00f6ren.<\/p>\n<p> Kein Verstellgurt.<\/p>\n","protected":false},"featured_media":326012,"template":"","meta":{"_acf_changed":false},"product_brand":[],"product_cat":[2803,1864,1617],"product_tag":[],"class_list":{"0":"post-369657","1":"product","2":"type-product","3":"status-publish","4":"has-post-thumbnail","6":"product_cat-capezio-halbspitzenschuhe","7":"product_cat-halb-punkt-tanz","8":"product_cat-schuhe","9":"pa_brand-capezio-de","11":"first","12":"instock","13":"shipping-taxable","14":"purchasable","15":"product-type-variable"},"acf":[],"_links":{"self":[{"href":"https:\/\/www.letutudanza.it\/de\/wp-json\/wp\/v2\/product\/369657","targetHints":{"allow":["GET"]}}],"collection":[{"href":"https:\/\/www.letutudanza.it\/de\/wp-json\/wp\/v2\/product"}],"about":[{"href":"https:\/\/www.letutudanza.it\/de\/wp-json\/wp\/v2\/types\/product"}],"wp:featuredmedia":[{"embeddable":true,"href":"https:\/\/www.letutudanza.it\/de\/wp-json\/wp\/v2\/media\/326012"}],"wp:attachment":[{"href":"https:\/\/www.letutudanza.it\/de\/wp-json\/wp\/v2\/media?parent=369657"}],"wp:term":[{"taxonomy":"product_brand","embeddable":true,"href":"https:\/\/www.letutudanza.it\/de\/wp-json\/wp\/v2\/product_brand?post=369657"},{"taxonomy":"product_cat","embeddable":true,"href":"https:\/\/www.letutudanza.it\/de\/wp-json\/wp\/v2\/product_cat?post=369657"},{"taxonomy":"product_tag","embeddable":true,"href":"https:\/\/www.letutudanza.it\/de\/wp-json\/wp\/v2\/product_tag?post=369657"}],"curies":[{"name":"wp","href":"https:\/\/api.w.org\/{rel}","templated":true}]}}