{"id":369506,"date":"2021-07-14T00:26:01","date_gmt":"2021-07-13T22:26:01","guid":{"rendered":"https:\/\/letutudanza.it\/prodotto\/griechischer-trikot"},"modified":"2025-09-12T15:33:41","modified_gmt":"2025-09-12T13:33:41","slug":"korper-griechisch","status":"publish","type":"product","link":"https:\/\/www.letutudanza.it\/de\/prodotto\/korper-griechisch","title":{"rendered":"Greco-Tanztrikot f\u00fcr M\u00e4dchen mit gefaltetem Rock"},"content":{"rendered":"<p>Body Greco, Modell geeignet f\u00fcr M\u00e4dchen. Rundhalsausschnitt und letzter \u00c4rmel ohne Schnitt. Vollst\u00e4ndig wei\u00df umrandet. Brustausschnitt und seitliches Motiv auf der Brust. Kleiner \u00fcberlappender Rock mit abgerundeter Form, der das Modell verfeinert und eleganter macht.<\/p>\n<p>Vorne gef\u00fcttert.<\/p>\n","protected":false},"excerpt":{"rendered":"<p>Body mit Rundhalsausschnitt und letztem \u00c4rmel ohne Schnitt. An \u00c4rmeln und Ausschnitt wei\u00df eingefasst. Schnitt und Bund unter der Brust. Kleiner \u00fcberlappender Rock mit abgerundeter Form, der das Modell verfeinert und eleganter macht. Vorne gef\u00fcttert.<\/p>\n","protected":false},"featured_media":325698,"template":"","meta":{"_acf_changed":false},"product_brand":[],"product_cat":[1513,1550],"product_tag":[1904],"class_list":{"0":"post-369506","1":"product","2":"type-product","3":"status-publish","4":"has-post-thumbnail","6":"product_cat-kleidung","7":"product_cat-korper-tanz","8":"product_tag-tanztrikot-fur-babys","9":"pa_brand-dl-tanzkleidung","11":"first","12":"instock","13":"shipping-taxable","14":"purchasable","15":"product-type-variable"},"acf":[],"_links":{"self":[{"href":"https:\/\/www.letutudanza.it\/de\/wp-json\/wp\/v2\/product\/369506","targetHints":{"allow":["GET"]}}],"collection":[{"href":"https:\/\/www.letutudanza.it\/de\/wp-json\/wp\/v2\/product"}],"about":[{"href":"https:\/\/www.letutudanza.it\/de\/wp-json\/wp\/v2\/types\/product"}],"wp:featuredmedia":[{"embeddable":true,"href":"https:\/\/www.letutudanza.it\/de\/wp-json\/wp\/v2\/media\/325698"}],"wp:attachment":[{"href":"https:\/\/www.letutudanza.it\/de\/wp-json\/wp\/v2\/media?parent=369506"}],"wp:term":[{"taxonomy":"product_brand","embeddable":true,"href":"https:\/\/www.letutudanza.it\/de\/wp-json\/wp\/v2\/product_brand?post=369506"},{"taxonomy":"product_cat","embeddable":true,"href":"https:\/\/www.letutudanza.it\/de\/wp-json\/wp\/v2\/product_cat?post=369506"},{"taxonomy":"product_tag","embeddable":true,"href":"https:\/\/www.letutudanza.it\/de\/wp-json\/wp\/v2\/product_tag?post=369506"}],"curies":[{"name":"wp","href":"https:\/\/api.w.org\/{rel}","templated":true}]}}