{"id":369486,"date":"2021-07-14T01:09:40","date_gmt":"2021-07-13T23:09:40","guid":{"rendered":"https:\/\/letutudanza.it\/prodotto\/koerper-sophia"},"modified":"2025-09-13T18:42:39","modified_gmt":"2025-09-13T16:42:39","slug":"korper-sophia","status":"publish","type":"product","link":"https:\/\/www.letutudanza.it\/de\/prodotto\/korper-sophia","title":{"rendered":"Tanztrikot \u201eSophia\u201c mit flie\u00dfenden R\u00fcschen"},"content":{"rendered":"<p>Ideal f\u00fcr ein Praktikum oder Vorsprechen.<\/p>\n","protected":false},"excerpt":{"rendered":"<p>Tanktop-Body mit verstellbarer Schieber\u00fcsche an der Brust.<br \/>\nBreiter R\u00fcckenausschnitt mit 2 breiten, gekreuzten B\u00e4ndern.<\/p>\n<p>Vorne gef\u00fcttert.<\/p>\n","protected":false},"featured_media":412765,"template":"","meta":{"_acf_changed":false},"product_brand":[],"product_cat":[1513,1550],"product_tag":[1552],"class_list":{"0":"post-369486","1":"product","2":"type-product","3":"status-publish","4":"has-post-thumbnail","6":"product_cat-kleidung","7":"product_cat-korper-tanz","8":"product_tag-balletttrikot-fur-erwachsene","9":"pa_brand-dl-tanzkleidung","11":"first","12":"instock","13":"shipping-taxable","14":"purchasable","15":"product-type-variable"},"acf":[],"_links":{"self":[{"href":"https:\/\/www.letutudanza.it\/de\/wp-json\/wp\/v2\/product\/369486","targetHints":{"allow":["GET"]}}],"collection":[{"href":"https:\/\/www.letutudanza.it\/de\/wp-json\/wp\/v2\/product"}],"about":[{"href":"https:\/\/www.letutudanza.it\/de\/wp-json\/wp\/v2\/types\/product"}],"wp:featuredmedia":[{"embeddable":true,"href":"https:\/\/www.letutudanza.it\/de\/wp-json\/wp\/v2\/media\/412765"}],"wp:attachment":[{"href":"https:\/\/www.letutudanza.it\/de\/wp-json\/wp\/v2\/media?parent=369486"}],"wp:term":[{"taxonomy":"product_brand","embeddable":true,"href":"https:\/\/www.letutudanza.it\/de\/wp-json\/wp\/v2\/product_brand?post=369486"},{"taxonomy":"product_cat","embeddable":true,"href":"https:\/\/www.letutudanza.it\/de\/wp-json\/wp\/v2\/product_cat?post=369486"},{"taxonomy":"product_tag","embeddable":true,"href":"https:\/\/www.letutudanza.it\/de\/wp-json\/wp\/v2\/product_tag?post=369486"}],"curies":[{"name":"wp","href":"https:\/\/api.w.org\/{rel}","templated":true}]}}