{"id":369290,"date":"2021-07-14T01:25:08","date_gmt":"2021-07-13T23:25:08","guid":{"rendered":"https:\/\/letutudanza.it\/prodotto\/bloch-serenade-extra-starke-spitzenschuhe"},"modified":"2025-12-22T16:23:32","modified_gmt":"2025-12-22T15:23:32","slug":"bloch-serenade-extra-starke-spitzenschuhe","status":"publish","type":"product","link":"https:\/\/www.letutudanza.it\/de\/prodotto\/bloch-serenade-extra-starke-spitzenschuhe","title":{"rendered":"Bloch Serenade Extra Starke Spitzenschuhe"},"content":{"rendered":"<p>Zus\u00e4tzlich zu allen Funktionen der Serenade-Zehe ist die Extra Strong-Version mit zus\u00e4tzlicher Unterst\u00fctzung ausgestattet, die den Fu\u00df im Schuh seitlich stabilisieren kann.<\/p>\n<p> Das Vorderblatt ist l\u00e4nger und bietet dem Fu\u00df mehr seitlichen Halt, wenn er auf den Zehenspitzen steht.<\/p>\n<p> Die breite Sohle bietet T\u00e4nzerinnen, die aufgrund eines zu stark gew\u00f6lbten \u201eSichelfu\u00dfes\u201c dazu neigen, auf der Spitze zu st\u00fcrzen, mehr Stabilit\u00e4t.<\/p>\n","protected":false},"excerpt":{"rendered":"<p>Die Serenade Triple Strong Spitzenschuhe verf\u00fcgen \u00fcber alle gro\u00dfartigen Eigenschaften der Serenade und zus\u00e4tzlich \u00fcber eine dreimal h\u00e4rtere Innensohle.<br \/>\n Sie sind so konzipiert, dass sie dank der engen Passform an der Ferse einen besseren seitlichen Halt bieten.<\/p>\n<p><strong>Eigenschaften<\/strong><\/p>\n<ul>\n<li>Der Teil der Innensohle, der unter dem Mittelfu\u00df sitzt, soll dem T\u00e4nzer helfen, den Fu\u00df im Schuh zu halten, und bietet so eine hervorragende Unterst\u00fctzung.<\/li>\n<li>Der Fu\u00df hat eine l\u00e4ngliche Form und die Box ist innen niedriger, um seitlichen Halt beim Tanzen auf der Spitze zu bieten.<\/li>\n<li>Die breite Unterst\u00fctzung der Serenade ist sehr n\u00fctzlich f\u00fcr T\u00e4nzer, die dazu neigen, seitlich das Gleichgewicht zu verlieren.<\/li>\n<li>Verf\u00fcgbar in Plan C<\/li>\n<\/ul>\n","protected":false},"featured_media":326038,"template":"","meta":{"_acf_changed":false},"product_brand":[],"product_cat":[2683,1617,1663],"product_tag":[],"class_list":{"0":"post-369290","1":"product","2":"type-product","3":"status-publish","4":"has-post-thumbnail","6":"product_cat-bloch-spitzenschuhe","7":"product_cat-schuhe","8":"product_cat-spitzenschuhe","9":"pa_brand-bloch-de","11":"first","12":"instock","13":"shipping-taxable","14":"purchasable","15":"product-type-variable"},"acf":[],"_links":{"self":[{"href":"https:\/\/www.letutudanza.it\/de\/wp-json\/wp\/v2\/product\/369290","targetHints":{"allow":["GET"]}}],"collection":[{"href":"https:\/\/www.letutudanza.it\/de\/wp-json\/wp\/v2\/product"}],"about":[{"href":"https:\/\/www.letutudanza.it\/de\/wp-json\/wp\/v2\/types\/product"}],"wp:featuredmedia":[{"embeddable":true,"href":"https:\/\/www.letutudanza.it\/de\/wp-json\/wp\/v2\/media\/326038"}],"wp:attachment":[{"href":"https:\/\/www.letutudanza.it\/de\/wp-json\/wp\/v2\/media?parent=369290"}],"wp:term":[{"taxonomy":"product_brand","embeddable":true,"href":"https:\/\/www.letutudanza.it\/de\/wp-json\/wp\/v2\/product_brand?post=369290"},{"taxonomy":"product_cat","embeddable":true,"href":"https:\/\/www.letutudanza.it\/de\/wp-json\/wp\/v2\/product_cat?post=369290"},{"taxonomy":"product_tag","embeddable":true,"href":"https:\/\/www.letutudanza.it\/de\/wp-json\/wp\/v2\/product_tag?post=369290"}],"curies":[{"name":"wp","href":"https:\/\/api.w.org\/{rel}","templated":true}]}}