{"id":368694,"date":"2021-07-14T00:53:10","date_gmt":"2021-07-13T22:53:10","guid":{"rendered":"https:\/\/letutudanza.it\/prodotto\/sweatshirt-mouche"},"modified":"2024-12-25T12:49:45","modified_gmt":"2024-12-25T11:49:45","slug":"sweatshirt-mouche","status":"publish","type":"product","link":"https:\/\/www.letutudanza.it\/de\/prodotto\/sweatshirt-mouche","title":{"rendered":"Tanz-Sweatshirt mit Mouche-Tankausschnitt"},"content":{"rendered":"<p>Sweatshirt Mouche. Modell mit U-Boot-Ausschnitt, halbes Tanktop, das auf H\u00f6he des Ausschnitts gen\u00e4ht ist, und Rand in Kontrastfarbe. Lange \u00c4rmel.<\/p>\n<p>Ausgezeichnet als Aufw\u00e4rmkleidung, zum Tragen \u00fcber einem Body oder zum Ausgehen \u00fcber Leggings.<\/p>\n<p>Angebot g\u00fcltig solange der Vorrat reicht<\/p>\n","protected":false},"excerpt":{"rendered":"<p>Sweatshirt Mouche. Modell mit U-Boot-Ausschnitt, halbes Tanktop, das auf H\u00f6he des Ausschnitts gen\u00e4ht ist, und Rand in Kontrastfarbe. Lange \u00c4rmel.<\/p>\n<p>Angebot g\u00fcltig solange der Vorrat reicht<\/p>\n","protected":false},"featured_media":325782,"template":"","meta":{"_acf_changed":false},"product_brand":[],"product_cat":[1513,1511,1451],"product_tag":[],"class_list":{"0":"post-368694","1":"product","2":"type-product","3":"status-publish","4":"has-post-thumbnail","6":"product_cat-kleidung","7":"product_cat-bekleidungs-outlet","8":"product_cat-auslauf","9":"pa_brand-dl-tanzkleidung","11":"first","12":"instock","13":"sale","14":"shipping-taxable","15":"purchasable","16":"product-type-variable"},"acf":[],"_links":{"self":[{"href":"https:\/\/www.letutudanza.it\/de\/wp-json\/wp\/v2\/product\/368694","targetHints":{"allow":["GET"]}}],"collection":[{"href":"https:\/\/www.letutudanza.it\/de\/wp-json\/wp\/v2\/product"}],"about":[{"href":"https:\/\/www.letutudanza.it\/de\/wp-json\/wp\/v2\/types\/product"}],"wp:featuredmedia":[{"embeddable":true,"href":"https:\/\/www.letutudanza.it\/de\/wp-json\/wp\/v2\/media\/325782"}],"wp:attachment":[{"href":"https:\/\/www.letutudanza.it\/de\/wp-json\/wp\/v2\/media?parent=368694"}],"wp:term":[{"taxonomy":"product_brand","embeddable":true,"href":"https:\/\/www.letutudanza.it\/de\/wp-json\/wp\/v2\/product_brand?post=368694"},{"taxonomy":"product_cat","embeddable":true,"href":"https:\/\/www.letutudanza.it\/de\/wp-json\/wp\/v2\/product_cat?post=368694"},{"taxonomy":"product_tag","embeddable":true,"href":"https:\/\/www.letutudanza.it\/de\/wp-json\/wp\/v2\/product_tag?post=368694"}],"curies":[{"name":"wp","href":"https:\/\/api.w.org\/{rel}","templated":true}]}}