{"id":368596,"date":"2021-07-14T00:49:52","date_gmt":"2021-07-13T22:49:52","guid":{"rendered":"https:\/\/letutudanza.it\/prodotto\/sonnen-sweatshirt"},"modified":"2026-04-07T15:39:14","modified_gmt":"2026-04-07T13:39:14","slug":"sweatshirt-sonne","status":"publish","type":"product","link":"https:\/\/www.letutudanza.it\/de\/prodotto\/sweatshirt-sonne","title":{"rendered":"Tanz-Hoodie"},"content":{"rendered":"<p>Sweatshirt Sun-Modell. Rundhalsausschnitt mit verstellbaren Schn\u00fcrsenkeln. Gro\u00dfe Kapuze und farblich abgesetzte B\u00e4nder an B\u00fcndchen und Taille.<\/p>\n<p>Ausgezeichnet als Aufw\u00e4rmkleidung, zum Tragen \u00fcber einem Body oder zum Ausgehen \u00fcber Leggings.<\/p>\n<p>Angebot g\u00fcltig solange der Vorrat reicht.<\/p>\n","protected":false},"excerpt":{"rendered":"<p>Sweatshirt mit gro\u00dfer Kapuze und verstellbarem Kordelzug am Halsausschnitt.<br \/>\n Kontrastierende graue Streifen an \u00c4rmelb\u00fcndchen und Taille.<\/p>\n<p> Artikel nur in Gr\u00f6\u00dfe L erh\u00e4ltlich.<\/p>\n","protected":false},"featured_media":325244,"template":"","meta":{"_acf_changed":false},"product_brand":[],"product_cat":[1511,1513,1451],"product_tag":[],"class_list":{"0":"post-368596","1":"product","2":"type-product","3":"status-publish","4":"has-post-thumbnail","6":"product_cat-bekleidungs-outlet","7":"product_cat-kleidung","8":"product_cat-auslauf","9":"pa_brand-dl-tanzkleidung","11":"first","12":"instock","13":"sale","14":"shipping-taxable","15":"purchasable","16":"product-type-variable"},"acf":[],"_links":{"self":[{"href":"https:\/\/www.letutudanza.it\/de\/wp-json\/wp\/v2\/product\/368596","targetHints":{"allow":["GET"]}}],"collection":[{"href":"https:\/\/www.letutudanza.it\/de\/wp-json\/wp\/v2\/product"}],"about":[{"href":"https:\/\/www.letutudanza.it\/de\/wp-json\/wp\/v2\/types\/product"}],"wp:featuredmedia":[{"embeddable":true,"href":"https:\/\/www.letutudanza.it\/de\/wp-json\/wp\/v2\/media\/325244"}],"wp:attachment":[{"href":"https:\/\/www.letutudanza.it\/de\/wp-json\/wp\/v2\/media?parent=368596"}],"wp:term":[{"taxonomy":"product_brand","embeddable":true,"href":"https:\/\/www.letutudanza.it\/de\/wp-json\/wp\/v2\/product_brand?post=368596"},{"taxonomy":"product_cat","embeddable":true,"href":"https:\/\/www.letutudanza.it\/de\/wp-json\/wp\/v2\/product_cat?post=368596"},{"taxonomy":"product_tag","embeddable":true,"href":"https:\/\/www.letutudanza.it\/de\/wp-json\/wp\/v2\/product_tag?post=368596"}],"curies":[{"name":"wp","href":"https:\/\/api.w.org\/{rel}","templated":true}]}}