{"id":368566,"date":"2021-07-14T01:04:42","date_gmt":"2021-07-13T23:04:42","guid":{"rendered":"https:\/\/letutudanza.it\/prodotto\/strumpfhose-mit-hoher-taille"},"modified":"2025-09-24T16:03:58","modified_gmt":"2025-09-24T14:03:58","slug":"high-waist-strumpfhose","status":"publish","type":"product","link":"https:\/\/www.letutudanza.it\/de\/prodotto\/high-waist-strumpfhose","title":{"rendered":"Tanzstrumpfhose f\u00fcr Herren mit hohem Bund"},"content":{"rendered":"<p>Ideal sowohl als Arbeitszimmer als auch f\u00fcr Aufs\u00e4tze oder Abschlussshows<\/p>\n","protected":false},"excerpt":{"rendered":"<p>Herren-Strumpfhose ohne Fu\u00df, hoch tailliert, Brustbeinl\u00e4nge.<br \/>\n Eng an den Beinen anliegend, kn\u00f6chellang.<\/p>\n<p>&nbsp;<\/p>\n","protected":false},"featured_media":325964,"template":"","meta":{"_acf_changed":false},"product_brand":[],"product_cat":[1633,1516,1513],"product_tag":[],"class_list":{"0":"post-368566","1":"product","2":"type-product","3":"status-publish","4":"has-post-thumbnail","6":"product_cat-strumpfhosen-und-socken-fur-herren","7":"product_cat-herrenlinie","8":"product_cat-kleidung","9":"pa_brand-dl-tanzkleidung","11":"first","12":"instock","13":"shipping-taxable","14":"purchasable","15":"product-type-variable"},"acf":[],"_links":{"self":[{"href":"https:\/\/www.letutudanza.it\/de\/wp-json\/wp\/v2\/product\/368566","targetHints":{"allow":["GET"]}}],"collection":[{"href":"https:\/\/www.letutudanza.it\/de\/wp-json\/wp\/v2\/product"}],"about":[{"href":"https:\/\/www.letutudanza.it\/de\/wp-json\/wp\/v2\/types\/product"}],"wp:featuredmedia":[{"embeddable":true,"href":"https:\/\/www.letutudanza.it\/de\/wp-json\/wp\/v2\/media\/325964"}],"wp:attachment":[{"href":"https:\/\/www.letutudanza.it\/de\/wp-json\/wp\/v2\/media?parent=368566"}],"wp:term":[{"taxonomy":"product_brand","embeddable":true,"href":"https:\/\/www.letutudanza.it\/de\/wp-json\/wp\/v2\/product_brand?post=368566"},{"taxonomy":"product_cat","embeddable":true,"href":"https:\/\/www.letutudanza.it\/de\/wp-json\/wp\/v2\/product_cat?post=368566"},{"taxonomy":"product_tag","embeddable":true,"href":"https:\/\/www.letutudanza.it\/de\/wp-json\/wp\/v2\/product_tag?post=368566"}],"curies":[{"name":"wp","href":"https:\/\/api.w.org\/{rel}","templated":true}]}}