{"id":368211,"date":"2021-07-14T00:59:50","date_gmt":"2021-07-13T22:59:50","guid":{"rendered":"https:\/\/letutudanza.it\/prodotto\/kleiderlehrer"},"modified":"2026-01-17T14:25:19","modified_gmt":"2026-01-17T13:25:19","slug":"kleiderlehrer","status":"publish","type":"product","link":"https:\/\/www.letutudanza.it\/de\/prodotto\/kleiderlehrer","title":{"rendered":"Lang\u00e4rmeliges Tanzlehrerkleid mit G\u00fcrtel"},"content":{"rendered":"<h2 style=\"text-align: center;\">Kleidung von Lehrerinnen f\u00fcr klassischen Tanz<\/h2>\n<p>Dieses Tanzkleid wurde speziell f\u00fcr Ballettlehrerinnen entworfen und ist ideal f\u00fcr Unterricht, Proben und p\u00e4dagogische Aktivit\u00e4ten. Hergestellt aus weichem, dehnbarem Material, bietet es Komfort, Bewegungsfreiheit und eine professionelle Passform. <\/p>\n<h2 style=\"text-align: center;\">Design und Passform<\/h2>\n<p>Das Modell zeichnet sich durch lange \u00c4rmel und <strong>einen \u00fcberkreuzten Halsausschnitt vorne aus, der<\/strong> oben doppelt gen\u00e4ht ist und so f\u00fcr mehr Halt und Stabilit\u00e4t bei Bewegungen sorgt. Der asymmetrische Rock, der hinten l\u00e4nger ist, verleiht Eleganz, ohne die Bewegungsfreiheit einzuschr\u00e4nken. <\/p>\n<p>Das Kleid wird durch einen abnehmbaren (nicht angen\u00e4hten) Tailleng\u00fcrtel komplettiert, mit dem Sie <strong>die Passform Ihren pers\u00f6nlichen Bed\u00fcrfnissen anpassen k\u00f6nnen.<\/strong><\/p>\n","protected":false},"excerpt":{"rendered":"<p>Bequemes Tanzkleid aus weichem, dehnbarem Stoff, ideal f\u00fcr <strong>Ballettlehrerinnen<\/strong> im Unterricht und bei anderen Aktivit\u00e4ten. Mit langen \u00c4rmeln, <strong>doppellagigem Racerback<\/strong> und asymmetrischem Rock, der hinten l\u00e4nger ist.<br \/>\n Mit abnehmbarem ( <strong>nicht angen\u00e4htem<\/strong> ) Tailleng\u00fcrtel f\u00fcr eine verstellbare Passform. <\/p>\n","protected":false},"featured_media":477148,"template":"","meta":{"_acf_changed":false},"product_brand":[],"product_cat":[1513,2936],"product_tag":[],"class_list":{"0":"post-368211","1":"product","2":"type-product","3":"status-publish","4":"has-post-thumbnail","6":"product_cat-kleidung","7":"product_cat-tanzkleider","8":"pa_brand-dl-tanzkleidung","10":"first","11":"instock","12":"shipping-taxable","13":"purchasable","14":"product-type-variable"},"acf":[],"_links":{"self":[{"href":"https:\/\/www.letutudanza.it\/de\/wp-json\/wp\/v2\/product\/368211","targetHints":{"allow":["GET"]}}],"collection":[{"href":"https:\/\/www.letutudanza.it\/de\/wp-json\/wp\/v2\/product"}],"about":[{"href":"https:\/\/www.letutudanza.it\/de\/wp-json\/wp\/v2\/types\/product"}],"wp:featuredmedia":[{"embeddable":true,"href":"https:\/\/www.letutudanza.it\/de\/wp-json\/wp\/v2\/media\/477148"}],"wp:attachment":[{"href":"https:\/\/www.letutudanza.it\/de\/wp-json\/wp\/v2\/media?parent=368211"}],"wp:term":[{"taxonomy":"product_brand","embeddable":true,"href":"https:\/\/www.letutudanza.it\/de\/wp-json\/wp\/v2\/product_brand?post=368211"},{"taxonomy":"product_cat","embeddable":true,"href":"https:\/\/www.letutudanza.it\/de\/wp-json\/wp\/v2\/product_cat?post=368211"},{"taxonomy":"product_tag","embeddable":true,"href":"https:\/\/www.letutudanza.it\/de\/wp-json\/wp\/v2\/product_tag?post=368211"}],"curies":[{"name":"wp","href":"https:\/\/api.w.org\/{rel}","templated":true}]}}