{"id":368058,"date":"2021-07-14T00:56:36","date_gmt":"2021-07-13T22:56:36","guid":{"rendered":"https:\/\/letutudanza.it\/prodotto\/segeltuch-jazzstiefel-rudolf"},"modified":"2025-11-05T18:59:11","modified_gmt":"2025-11-05T17:59:11","slug":"rudolf-canvas-jazz-stiefel","status":"publish","type":"product","link":"https:\/\/www.letutudanza.it\/de\/prodotto\/rudolf-canvas-jazz-stiefel","title":{"rendered":"Segeltuch-Jazzstiefel-Rudolf"},"content":{"rendered":"<p>Ideal f\u00fcr Jazztanz<\/p>\n","protected":false},"excerpt":{"rendered":"<p>Niedriger Jazz-Stiefelette aus Canvas.<br \/>\n Dank der geteilten Sohle ist er sehr flexibel und verf\u00fcgt \u00fcber Schn\u00fcrsenkel an der Vorderseite.<\/p>\n","protected":false},"featured_media":325994,"template":"","meta":{"_acf_changed":false},"product_brand":[],"product_cat":[1617,1836],"product_tag":[],"class_list":{"0":"post-368058","1":"product","2":"type-product","3":"status-publish","4":"has-post-thumbnail","6":"product_cat-schuhe","7":"product_cat-sneakers-und-jazzschuhe","9":"first","10":"instock","11":"shipping-taxable","12":"purchasable","13":"product-type-variable"},"acf":[],"_links":{"self":[{"href":"https:\/\/www.letutudanza.it\/de\/wp-json\/wp\/v2\/product\/368058","targetHints":{"allow":["GET"]}}],"collection":[{"href":"https:\/\/www.letutudanza.it\/de\/wp-json\/wp\/v2\/product"}],"about":[{"href":"https:\/\/www.letutudanza.it\/de\/wp-json\/wp\/v2\/types\/product"}],"wp:featuredmedia":[{"embeddable":true,"href":"https:\/\/www.letutudanza.it\/de\/wp-json\/wp\/v2\/media\/325994"}],"wp:attachment":[{"href":"https:\/\/www.letutudanza.it\/de\/wp-json\/wp\/v2\/media?parent=368058"}],"wp:term":[{"taxonomy":"product_brand","embeddable":true,"href":"https:\/\/www.letutudanza.it\/de\/wp-json\/wp\/v2\/product_brand?post=368058"},{"taxonomy":"product_cat","embeddable":true,"href":"https:\/\/www.letutudanza.it\/de\/wp-json\/wp\/v2\/product_cat?post=368058"},{"taxonomy":"product_tag","embeddable":true,"href":"https:\/\/www.letutudanza.it\/de\/wp-json\/wp\/v2\/product_tag?post=368058"}],"curies":[{"name":"wp","href":"https:\/\/api.w.org\/{rel}","templated":true}]}}