{"id":367823,"date":"2021-07-14T00:00:19","date_gmt":"2021-07-13T22:00:19","guid":{"rendered":"https:\/\/letutudanza.it\/prodotto\/koerperhygiene"},"modified":"2025-09-13T18:57:33","modified_gmt":"2025-09-13T16:57:33","slug":"korper-igea","status":"publish","type":"product","link":"https:\/\/www.letutudanza.it\/de\/prodotto\/korper-igea","title":{"rendered":"Igea Spitzen-Tanzbody"},"content":{"rendered":"<p>K\u00f6rperhygiene. Camisole-Modell-Body mit elastischem Spitzeneinsatz am vorderen Ausschnitt. Bedeckt die Schulterbl\u00e4tter mit elastischer Spitze auf der R\u00fcckseite, weiter Ausschnitt und Knopfverschluss aus dem gleichen Stoff wie der K\u00f6rper.<\/p>\n<p>Der Body ist auf der Vorderseite gef\u00fcttert.<\/p>\n","protected":false},"excerpt":{"rendered":"<p>Camisole-Body mit elastischem Spitzeneinsatz am vorderen Ausschnitt. Bedeckt die Schulterbl\u00e4tter mit elastischer Spitze auf der R\u00fcckseite, weiter Ausschnitt und Knopfverschluss aus dem gleichen Stoff wie der K\u00f6rper. Der Body ist auf der Vorderseite gef\u00fcttert.<\/p>\n","protected":false},"featured_media":325686,"template":"","meta":{"_acf_changed":false},"product_brand":[],"product_cat":[1513,1550],"product_tag":[1552],"class_list":{"0":"post-367823","1":"product","2":"type-product","3":"status-publish","4":"has-post-thumbnail","6":"product_cat-kleidung","7":"product_cat-korper-tanz","8":"product_tag-balletttrikot-fur-erwachsene","9":"pa_brand-dl-tanzkleidung","11":"first","12":"instock","13":"shipping-taxable","14":"purchasable","15":"product-type-variable"},"acf":[],"_links":{"self":[{"href":"https:\/\/www.letutudanza.it\/de\/wp-json\/wp\/v2\/product\/367823","targetHints":{"allow":["GET"]}}],"collection":[{"href":"https:\/\/www.letutudanza.it\/de\/wp-json\/wp\/v2\/product"}],"about":[{"href":"https:\/\/www.letutudanza.it\/de\/wp-json\/wp\/v2\/types\/product"}],"wp:featuredmedia":[{"embeddable":true,"href":"https:\/\/www.letutudanza.it\/de\/wp-json\/wp\/v2\/media\/325686"}],"wp:attachment":[{"href":"https:\/\/www.letutudanza.it\/de\/wp-json\/wp\/v2\/media?parent=367823"}],"wp:term":[{"taxonomy":"product_brand","embeddable":true,"href":"https:\/\/www.letutudanza.it\/de\/wp-json\/wp\/v2\/product_brand?post=367823"},{"taxonomy":"product_cat","embeddable":true,"href":"https:\/\/www.letutudanza.it\/de\/wp-json\/wp\/v2\/product_cat?post=367823"},{"taxonomy":"product_tag","embeddable":true,"href":"https:\/\/www.letutudanza.it\/de\/wp-json\/wp\/v2\/product_tag?post=367823"}],"curies":[{"name":"wp","href":"https:\/\/api.w.org\/{rel}","templated":true}]}}