{"id":367553,"date":"2021-07-13T14:05:49","date_gmt":"2021-07-13T12:05:49","guid":{"rendered":"https:\/\/letutudanza.it\/prodotto\/spitzenschuhe-grishko-fouette"},"modified":"2025-12-10T14:16:53","modified_gmt":"2025-12-10T13:16:53","slug":"spitzenschuhe-grischko-fouette","status":"publish","type":"product","link":"https:\/\/www.letutudanza.it\/de\/prodotto\/spitzenschuhe-grischko-fouette","title":{"rendered":"Grishko Fouett\u00e8 Spitzentanzschuhe"},"content":{"rendered":"<p>Ein Schuh, der die russische \u201eZehenfeder\u201c-Technik beinhaltet<\/p>\n<p> Sohlenkonsistenz<br \/>\n M (Mittel): Weich<br \/>\n H (Hard): Schwer<br \/>\n SH (Super Hard): Sehr hart<\/p>\n","protected":false},"excerpt":{"rendered":"<p>Die vollst\u00e4ndig von Hand gefertigte V-f\u00f6rmige Maske verleiht dem Fu\u00df mehr Elastizit\u00e4t und hilft dem T\u00e4nzer, das K\u00f6rpergleichgewicht auf einen einzigen Punkt zu konzentrieren.<\/p>\n<p> <strong>NB:<\/strong> Einige Nummern k\u00f6nnen den Zusatz PRO enthalten (identisches Modell, aber v\u00f6llige Ger\u00e4uschlosigkeit).<\/p>\n","protected":false},"featured_media":326830,"template":"","meta":{"_acf_changed":false},"product_brand":[],"product_cat":[2681,1617,1663],"product_tag":[],"class_list":{"0":"post-367553","1":"product","2":"type-product","3":"status-publish","4":"has-post-thumbnail","6":"product_cat-grishko-spitzenschuhe","7":"product_cat-schuhe","8":"product_cat-spitzenschuhe","9":"pa_brand-grischko","11":"first","12":"instock","13":"shipping-taxable","14":"purchasable","15":"product-type-variable"},"acf":[],"_links":{"self":[{"href":"https:\/\/www.letutudanza.it\/de\/wp-json\/wp\/v2\/product\/367553","targetHints":{"allow":["GET"]}}],"collection":[{"href":"https:\/\/www.letutudanza.it\/de\/wp-json\/wp\/v2\/product"}],"about":[{"href":"https:\/\/www.letutudanza.it\/de\/wp-json\/wp\/v2\/types\/product"}],"wp:featuredmedia":[{"embeddable":true,"href":"https:\/\/www.letutudanza.it\/de\/wp-json\/wp\/v2\/media\/326830"}],"wp:attachment":[{"href":"https:\/\/www.letutudanza.it\/de\/wp-json\/wp\/v2\/media?parent=367553"}],"wp:term":[{"taxonomy":"product_brand","embeddable":true,"href":"https:\/\/www.letutudanza.it\/de\/wp-json\/wp\/v2\/product_brand?post=367553"},{"taxonomy":"product_cat","embeddable":true,"href":"https:\/\/www.letutudanza.it\/de\/wp-json\/wp\/v2\/product_cat?post=367553"},{"taxonomy":"product_tag","embeddable":true,"href":"https:\/\/www.letutudanza.it\/de\/wp-json\/wp\/v2\/product_tag?post=367553"}],"curies":[{"name":"wp","href":"https:\/\/api.w.org\/{rel}","templated":true}]}}