{"id":367250,"date":"2021-07-13T13:55:41","date_gmt":"2021-07-13T11:55:41","guid":{"rendered":"https:\/\/letutudanza.it\/prodotto\/spitzenschuhe-gaynor-minden-extraflex"},"modified":"2025-12-16T19:56:40","modified_gmt":"2025-12-16T18:56:40","slug":"spitzenschuhe-gaynor-minden-extraflex","status":"publish","type":"product","link":"https:\/\/www.letutudanza.it\/de\/prodotto\/spitzenschuhe-gaynor-minden-extraflex","title":{"rendered":"Gaynor Minden Extraflex Spitzentanzschuhe"},"content":{"rendered":"<p>Erh\u00e4ltlich in Box 3 und Box 4. Erkennbar am gelben Sack.<\/p>\n<p>Verkauft mit folgenden Funktionen:<\/p>\n<ul>\n<li>Modell Classic<\/li>\n<li>Breite Med<\/li>\n<li>Vamp Deep<\/li>\n<li>Absatz hoch<\/li>\n<\/ul>\n","protected":false},"excerpt":{"rendered":"<p><strong>Gaynor Minden Spitzenschuhe<\/strong> bestehen aus einem bruchsicheren, mit Poron beschichteten Elastomerharz: Diese patentierte Struktur verleiht dem Spitzenschuh eine au\u00dfergew\u00f6hnliche <strong>Flexibilit\u00e4t und eine Widerstandsf\u00e4higkeit, die etwa 3-4 Mal h\u00f6her ist als bei anderen Spitzenschuhen<\/strong> .<\/p>\n<p> Im Inneren befindet sich <strong>unter den Zehen und der Ferse eine d\u00e4mpfende Schaumstoffauskleidung,<\/strong> die dem T\u00e4nzer eine komfortable Sto\u00dfd\u00e4mpfung und eine ger\u00e4uschlose Landung gew\u00e4hrleistet.<\/p>\n<p> Das verwendete Satinmaterial ist gef\u00fcttert, um die Atmungsaktivit\u00e4t der F\u00fc\u00dfe zu gew\u00e4hrleisten.<\/p>\n","protected":false},"featured_media":453216,"template":"","meta":{"_acf_changed":false},"product_brand":[],"product_cat":[2688,1617,1663],"product_tag":[],"class_list":{"0":"post-367250","1":"product","2":"type-product","3":"status-publish","4":"has-post-thumbnail","6":"product_cat-gaynor-minden-spitzenschuhe","7":"product_cat-schuhe","8":"product_cat-spitzenschuhe","9":"pa_brand-gaynor-minden-de","11":"first","12":"instock","13":"shipping-taxable","14":"purchasable","15":"product-type-variable"},"acf":[],"_links":{"self":[{"href":"https:\/\/www.letutudanza.it\/de\/wp-json\/wp\/v2\/product\/367250","targetHints":{"allow":["GET"]}}],"collection":[{"href":"https:\/\/www.letutudanza.it\/de\/wp-json\/wp\/v2\/product"}],"about":[{"href":"https:\/\/www.letutudanza.it\/de\/wp-json\/wp\/v2\/types\/product"}],"wp:featuredmedia":[{"embeddable":true,"href":"https:\/\/www.letutudanza.it\/de\/wp-json\/wp\/v2\/media\/453216"}],"wp:attachment":[{"href":"https:\/\/www.letutudanza.it\/de\/wp-json\/wp\/v2\/media?parent=367250"}],"wp:term":[{"taxonomy":"product_brand","embeddable":true,"href":"https:\/\/www.letutudanza.it\/de\/wp-json\/wp\/v2\/product_brand?post=367250"},{"taxonomy":"product_cat","embeddable":true,"href":"https:\/\/www.letutudanza.it\/de\/wp-json\/wp\/v2\/product_cat?post=367250"},{"taxonomy":"product_tag","embeddable":true,"href":"https:\/\/www.letutudanza.it\/de\/wp-json\/wp\/v2\/product_tag?post=367250"}],"curies":[{"name":"wp","href":"https:\/\/api.w.org\/{rel}","templated":true}]}}