{"id":367077,"date":"2021-07-13T13:15:01","date_gmt":"2021-07-13T11:15:01","guid":{"rendered":"https:\/\/letutudanza.it\/prodotto\/bloch-b-morph-tmt-xx-spitzenschuhe"},"modified":"2026-01-07T14:40:51","modified_gmt":"2026-01-07T13:40:51","slug":"bloch-b-morph-tmt-spitzenschuhe","status":"publish","type":"product","link":"https:\/\/www.letutudanza.it\/de\/prodotto\/bloch-b-morph-tmt-spitzenschuhe","title":{"rendered":"Bloch B-Morph TMT Spitzenschuhe"},"content":{"rendered":"<p>Die Spitze kann auch ohne Formgebung verwendet werden.<\/p>\n<p> Verf\u00fcgbar im XX-Layout (breit)<\/p>\n","protected":false},"excerpt":{"rendered":"<p>Dank der sie auszeichnenden TMT\u2122-Technologie k\u00f6nnen B Morph-Spitzenschuhe individuell an die T\u00e4nzer angepasst werden.<\/p>\n<p><strong>Eigenschaften<\/strong><\/p>\n<ul>\n<li>Die exklusive TMT\u2122-Pastentechnologie macht den Schuh beim Erhitzen mit einem F\u00f6hn flexibel, sodass der T\u00e4nzer ihn f\u00fcr h\u00f6chsten Tragekomfort an die individuelle Form seines Fu\u00dfes anpassen kann.<\/li>\n<li>Die Innensohle des B Morph besteht aus einem hochmodernen, unzerst\u00f6rbaren Material, das lang anhaltenden Halt bietet.<\/li>\n<li>Die breite Auflagefl\u00e4che f\u00f6rdert eine ausgewogene Gewichtsverteilung<\/li>\n<\/ul>\n","protected":false},"featured_media":326040,"template":"","meta":{"_acf_changed":false},"product_brand":[],"product_cat":[2683,1617,1663],"product_tag":[],"class_list":{"0":"post-367077","1":"product","2":"type-product","3":"status-publish","4":"has-post-thumbnail","6":"product_cat-bloch-spitzenschuhe","7":"product_cat-schuhe","8":"product_cat-spitzenschuhe","9":"pa_brand-bloch-de","11":"first","12":"instock","13":"shipping-taxable","14":"purchasable","15":"product-type-variable"},"acf":[],"_links":{"self":[{"href":"https:\/\/www.letutudanza.it\/de\/wp-json\/wp\/v2\/product\/367077","targetHints":{"allow":["GET"]}}],"collection":[{"href":"https:\/\/www.letutudanza.it\/de\/wp-json\/wp\/v2\/product"}],"about":[{"href":"https:\/\/www.letutudanza.it\/de\/wp-json\/wp\/v2\/types\/product"}],"wp:featuredmedia":[{"embeddable":true,"href":"https:\/\/www.letutudanza.it\/de\/wp-json\/wp\/v2\/media\/326040"}],"wp:attachment":[{"href":"https:\/\/www.letutudanza.it\/de\/wp-json\/wp\/v2\/media?parent=367077"}],"wp:term":[{"taxonomy":"product_brand","embeddable":true,"href":"https:\/\/www.letutudanza.it\/de\/wp-json\/wp\/v2\/product_brand?post=367077"},{"taxonomy":"product_cat","embeddable":true,"href":"https:\/\/www.letutudanza.it\/de\/wp-json\/wp\/v2\/product_cat?post=367077"},{"taxonomy":"product_tag","embeddable":true,"href":"https:\/\/www.letutudanza.it\/de\/wp-json\/wp\/v2\/product_tag?post=367077"}],"curies":[{"name":"wp","href":"https:\/\/api.w.org\/{rel}","templated":true}]}}