{"id":367012,"date":"2021-07-13T13:05:36","date_gmt":"2021-07-13T11:05:36","guid":{"rendered":"https:\/\/letutudanza.it\/prodotto\/bloch-aspiration-spitzenschuhe"},"modified":"2026-01-08T16:35:23","modified_gmt":"2026-01-08T15:35:23","slug":"bloch-aspiration-spitzenschuhe","status":"publish","type":"product","link":"https:\/\/www.letutudanza.it\/de\/prodotto\/bloch-aspiration-spitzenschuhe","title":{"rendered":"Bloch Aspiration Spitzenschuhe"},"content":{"rendered":"<p>Breite Unterst\u00fctzung und ovaler Ausschnitt, ideal f\u00fcr T\u00e4nzer auf Anf\u00e4nger- und Mittelstufe.<\/p>\n","protected":false},"excerpt":{"rendered":"<p>Aspiration-Spitzenschuhe bieten Stabilit\u00e4t und Halt und eignen sich besonders f\u00fcr erfahrenere T\u00e4nzer mit einem sehr flexiblen Fu\u00dfgew\u00f6lbe und Kn\u00f6cheln.<\/p>\n<p><strong>Eigenschaften<\/strong><\/p>\n<ul>\n<li>Sie vermitteln das Gef\u00fchl, vom Boden und aus dem Schuh gehoben zu werden<\/li>\n<li>Die Innensohle verf\u00fcgt \u00fcber eine zus\u00e4tzliche Schicht, die bis zum Mittelfu\u00dfknochen reicht und f\u00fcr Stabilit\u00e4t und Halt sorgt. Diese Verst\u00e4rkung reicht nicht bis zur Ferse, sodass die T\u00e4nzerin ihren Fu\u00df zu 3\/4 w\u00f6lben und die Ferse nach au\u00dfen dr\u00fccken kann. <\/li>\n<li>Die hohe und breite St\u00fctze, mit der sie ausgestattet sind, erm\u00f6glicht es Ihnen, beim Spitzentanzen das perfekte Gleichgewicht zu halten.<\/li>\n<li>Verf\u00fcgbar in Plan C<\/li>\n<\/ul>\n","protected":false},"featured_media":326044,"template":"","meta":{"_acf_changed":false},"product_brand":[],"product_cat":[2683,1617,1663],"product_tag":[],"class_list":{"0":"post-367012","1":"product","2":"type-product","3":"status-publish","4":"has-post-thumbnail","6":"product_cat-bloch-spitzenschuhe","7":"product_cat-schuhe","8":"product_cat-spitzenschuhe","9":"pa_brand-bloch-de","11":"first","12":"instock","13":"shipping-taxable","14":"purchasable","15":"product-type-variable"},"acf":[],"_links":{"self":[{"href":"https:\/\/www.letutudanza.it\/de\/wp-json\/wp\/v2\/product\/367012","targetHints":{"allow":["GET"]}}],"collection":[{"href":"https:\/\/www.letutudanza.it\/de\/wp-json\/wp\/v2\/product"}],"about":[{"href":"https:\/\/www.letutudanza.it\/de\/wp-json\/wp\/v2\/types\/product"}],"wp:featuredmedia":[{"embeddable":true,"href":"https:\/\/www.letutudanza.it\/de\/wp-json\/wp\/v2\/media\/326044"}],"wp:attachment":[{"href":"https:\/\/www.letutudanza.it\/de\/wp-json\/wp\/v2\/media?parent=367012"}],"wp:term":[{"taxonomy":"product_brand","embeddable":true,"href":"https:\/\/www.letutudanza.it\/de\/wp-json\/wp\/v2\/product_brand?post=367012"},{"taxonomy":"product_cat","embeddable":true,"href":"https:\/\/www.letutudanza.it\/de\/wp-json\/wp\/v2\/product_cat?post=367012"},{"taxonomy":"product_tag","embeddable":true,"href":"https:\/\/www.letutudanza.it\/de\/wp-json\/wp\/v2\/product_tag?post=367012"}],"curies":[{"name":"wp","href":"https:\/\/api.w.org\/{rel}","templated":true}]}}