{"id":366984,"date":"2021-07-13T13:11:36","date_gmt":"2021-07-13T11:11:36","guid":{"rendered":"https:\/\/letutudanza.it\/prodotto\/triunfo-suprema-demi-pointe-aus-segeltuch-mit-elastischem-einsatz"},"modified":"2026-02-02T17:08:00","modified_gmt":"2026-02-02T16:08:00","slug":"halbspitze-triunfo-in-canvas-mit-elastischem-einsatz-im-angebot","status":"publish","type":"product","link":"https:\/\/www.letutudanza.it\/de\/prodotto\/halbspitze-triunfo-in-canvas-mit-elastischem-einsatz-im-angebot","title":{"rendered":"Triunfo Suprema Canvas Halbspitzenschuhe mit elastischem Einsatz"},"content":{"rendered":"<p>Halbe Schuhspitze mit geteilter Sohle, doppellagiger elastischer Einsatz in der Mulde. Au\u00dfergew\u00f6hnlicher Halt.<\/p>\n<p>Halbprofessioneller Schuh, 100 % Made in Italy.<\/p>\n","protected":false},"excerpt":{"rendered":"<p>Halbhoher Canvas-Schuh mit tropfenf\u00f6rmiger, geteilter Sohle und doppellagigem, elastischem Mesh-Einsatz im Fu\u00dfgew\u00f6lbebereich.<br \/>\n Hervorragende Haftung. Blassrosa Farbe (wie abgebildet). <\/p>\n<p>Halbprofessioneller Schuh, 100 % Made in Italy.<\/p>\n","protected":false},"featured_media":324878,"template":"","meta":{"_acf_changed":false},"product_brand":[],"product_cat":[1864,1617,2909],"product_tag":[],"class_list":{"0":"post-366984","1":"product","2":"type-product","3":"status-publish","4":"has-post-thumbnail","6":"product_cat-halb-punkt-tanz","7":"product_cat-schuhe","8":"product_cat-triumph-halbe-punkte","9":"pa_brand-triumph","11":"first","12":"instock","13":"shipping-taxable","14":"purchasable","15":"product-type-variable"},"acf":[],"_links":{"self":[{"href":"https:\/\/www.letutudanza.it\/de\/wp-json\/wp\/v2\/product\/366984","targetHints":{"allow":["GET"]}}],"collection":[{"href":"https:\/\/www.letutudanza.it\/de\/wp-json\/wp\/v2\/product"}],"about":[{"href":"https:\/\/www.letutudanza.it\/de\/wp-json\/wp\/v2\/types\/product"}],"wp:featuredmedia":[{"embeddable":true,"href":"https:\/\/www.letutudanza.it\/de\/wp-json\/wp\/v2\/media\/324878"}],"wp:attachment":[{"href":"https:\/\/www.letutudanza.it\/de\/wp-json\/wp\/v2\/media?parent=366984"}],"wp:term":[{"taxonomy":"product_brand","embeddable":true,"href":"https:\/\/www.letutudanza.it\/de\/wp-json\/wp\/v2\/product_brand?post=366984"},{"taxonomy":"product_cat","embeddable":true,"href":"https:\/\/www.letutudanza.it\/de\/wp-json\/wp\/v2\/product_cat?post=366984"},{"taxonomy":"product_tag","embeddable":true,"href":"https:\/\/www.letutudanza.it\/de\/wp-json\/wp\/v2\/product_tag?post=366984"}],"curies":[{"name":"wp","href":"https:\/\/api.w.org\/{rel}","templated":true}]}}