{"id":366771,"date":"2021-07-13T13:30:19","date_gmt":"2021-07-13T11:30:19","guid":{"rendered":"https:\/\/letutudanza.it\/prodotto\/bloch-balance-european-xx-spitzenschuhe"},"modified":"2025-11-12T09:20:31","modified_gmt":"2025-11-12T08:20:31","slug":"bloch-balance-europaische-spitzenschuhe","status":"publish","type":"product","link":"https:\/\/www.letutudanza.it\/de\/prodotto\/bloch-balance-europaische-spitzenschuhe","title":{"rendered":"Bloch Balance Europ\u00e4ische Spitzenballettschuhe"},"content":{"rendered":"<p>DETAILS:<\/p>\n<ul>\n<li>Material: Satin\/Satin<\/li>\n<li>Sohlenmaterial: Leder<\/li>\n<li>Futtermaterial: Baumwolle<\/li>\n<li>Sohle: Ganz<\/li>\n<li>Spitzenlager<\/li>\n<li>Sohlenweite: XX (breit)<\/li>\n<li>Elastischer Kordelzug<\/li>\n<li>Flexible Innensohle<\/li>\n<li>Maskenl\u00e4nge: Mittel<\/li>\n<li>Maskenform: Rund<\/li>\n<li>Plattformform: Hoch und breit<\/li>\n<li>Sto\u00dfd\u00e4mpferbox: Lager<\/li>\n<\/ul>\n","protected":false},"excerpt":{"rendered":"<p>European Balance-Schuhe zeichnen sich durch eine gew\u00f6lbte Form aus, die der anatomischen Form des Fu\u00dfes folgt, Komfort bietet und vor Verletzungen sch\u00fctzt.<\/p>\n<p><strong>Eigenschaften<\/strong><\/p>\n<ul>\n<li>Durch die gew\u00f6lbte Form der European Balance bleibt die Einlegesohle in engem Kontakt mit dem Fu\u00dfgew\u00f6lbe, sch\u00fctzt so vor Verletzungen und gibt der T\u00e4nzerin das Gef\u00fchl, den ganzen Tag \u00fcber auf der Stelle stehen zu k\u00f6nnen.<\/li>\n<li>Ausgestattet mit einer stromlinienf\u00f6rmigen Box mit weniger Innenraum f\u00fcr einen sicheren, eng anliegenden Sitz; Obwohl die Au\u00dfenseite dieser Schuhe ein konischeres Aussehen hat, ist die Unterst\u00fctzung immer noch ziemlich breit<\/li>\n<li>Die breite Auflage beg\u00fcnstigt eine ausgewogene Gewichtsverteilung und reduziert den Druck auf die Mittelfu\u00dfknochen<\/li>\n<li>Die European Balance verf\u00fcgt \u00fcber eine diagonale Steppung an den Seiten, die die Bildung von Kr\u00e4uselungen auf dem Satin reduziert<\/li>\n<li>Das niedrige Profil, der breite Vamp und das Bungee-Kabel dieser Schuhe sorgen f\u00fcr eine eng anliegende, stromlinienf\u00f6rmige Passform<\/li>\n<\/ul>\n","protected":false},"featured_media":326046,"template":"","meta":{"_acf_changed":false},"product_brand":[],"product_cat":[2683,1617,1663],"product_tag":[],"class_list":{"0":"post-366771","1":"product","2":"type-product","3":"status-publish","4":"has-post-thumbnail","6":"product_cat-bloch-spitzenschuhe","7":"product_cat-schuhe","8":"product_cat-spitzenschuhe","9":"pa_brand-bloch-de","11":"first","12":"instock","13":"shipping-taxable","14":"purchasable","15":"product-type-variable"},"acf":[],"_links":{"self":[{"href":"https:\/\/www.letutudanza.it\/de\/wp-json\/wp\/v2\/product\/366771","targetHints":{"allow":["GET"]}}],"collection":[{"href":"https:\/\/www.letutudanza.it\/de\/wp-json\/wp\/v2\/product"}],"about":[{"href":"https:\/\/www.letutudanza.it\/de\/wp-json\/wp\/v2\/types\/product"}],"wp:featuredmedia":[{"embeddable":true,"href":"https:\/\/www.letutudanza.it\/de\/wp-json\/wp\/v2\/media\/326046"}],"wp:attachment":[{"href":"https:\/\/www.letutudanza.it\/de\/wp-json\/wp\/v2\/media?parent=366771"}],"wp:term":[{"taxonomy":"product_brand","embeddable":true,"href":"https:\/\/www.letutudanza.it\/de\/wp-json\/wp\/v2\/product_brand?post=366771"},{"taxonomy":"product_cat","embeddable":true,"href":"https:\/\/www.letutudanza.it\/de\/wp-json\/wp\/v2\/product_cat?post=366771"},{"taxonomy":"product_tag","embeddable":true,"href":"https:\/\/www.letutudanza.it\/de\/wp-json\/wp\/v2\/product_tag?post=366771"}],"curies":[{"name":"wp","href":"https:\/\/api.w.org\/{rel}","templated":true}]}}