{"id":366594,"date":"2021-07-13T13:19:59","date_gmt":"2021-07-13T11:19:59","guid":{"rendered":"https:\/\/letutudanza.it\/prodotto\/bloch-demi-pointe-spitzenschuhe"},"modified":"2025-11-03T17:59:49","modified_gmt":"2025-11-03T16:59:49","slug":"bloch-demi-pointe-spitzenschuhe","status":"publish","type":"product","link":"https:\/\/www.letutudanza.it\/de\/prodotto\/bloch-demi-pointe-spitzenschuhe","title":{"rendered":"Bloch Demi Pointe Tanz-Spitzenschuhe"},"content":{"rendered":"<p>Die sogenannte \u201eSmezzata\u201c, die es erm\u00f6glicht, sich auf das Spitzentanzen vorzubereiten, indem sie dem Fu\u00df die Kraft und Widerstandsf\u00e4higkeit verleiht, die sp\u00e4ter f\u00fcr das eigentliche Spitzentanzen ben\u00f6tigt werden.<\/p>\n","protected":false},"excerpt":{"rendered":"<p><strong>Eigenschaften<\/strong><\/p>\n<ul>\n<li>Sie verf\u00fcgen \u00fcber eine gew\u00f6lbte Zehenkappe, die der von Spitzenschuhen zum Verwechseln \u00e4hnlich sieht, aber tats\u00e4chlich weicher ist und nicht dazu dient, die T\u00e4nzerin auf Spitze zu st\u00fctzen.<\/li>\n<li>Der gro\u00dfz\u00fcgige Platz im Schuhinneren sorgt daf\u00fcr, dass der Fu\u00df optimal an die Schuhsohle anliegt.<\/li>\n<li>Der Widerstand der Ledersohle gew\u00e4hrleistet eine maximale Kraftentwicklung bei der Verwendung des Demi Pointe.<\/li>\n<\/ul>\n","protected":false},"featured_media":326032,"template":"","meta":{"_acf_changed":false},"product_brand":[],"product_cat":[2683,1617,1663],"product_tag":[],"class_list":{"0":"post-366594","1":"product","2":"type-product","3":"status-publish","4":"has-post-thumbnail","6":"product_cat-bloch-spitzenschuhe","7":"product_cat-schuhe","8":"product_cat-spitzenschuhe","9":"pa_brand-bloch-de","11":"first","12":"instock","13":"shipping-taxable","14":"purchasable","15":"product-type-variable"},"acf":[],"_links":{"self":[{"href":"https:\/\/www.letutudanza.it\/de\/wp-json\/wp\/v2\/product\/366594","targetHints":{"allow":["GET"]}}],"collection":[{"href":"https:\/\/www.letutudanza.it\/de\/wp-json\/wp\/v2\/product"}],"about":[{"href":"https:\/\/www.letutudanza.it\/de\/wp-json\/wp\/v2\/types\/product"}],"wp:featuredmedia":[{"embeddable":true,"href":"https:\/\/www.letutudanza.it\/de\/wp-json\/wp\/v2\/media\/326032"}],"wp:attachment":[{"href":"https:\/\/www.letutudanza.it\/de\/wp-json\/wp\/v2\/media?parent=366594"}],"wp:term":[{"taxonomy":"product_brand","embeddable":true,"href":"https:\/\/www.letutudanza.it\/de\/wp-json\/wp\/v2\/product_brand?post=366594"},{"taxonomy":"product_cat","embeddable":true,"href":"https:\/\/www.letutudanza.it\/de\/wp-json\/wp\/v2\/product_cat?post=366594"},{"taxonomy":"product_tag","embeddable":true,"href":"https:\/\/www.letutudanza.it\/de\/wp-json\/wp\/v2\/product_tag?post=366594"}],"curies":[{"name":"wp","href":"https:\/\/api.w.org\/{rel}","templated":true}]}}