{"id":366524,"date":"2021-07-13T12:47:06","date_gmt":"2021-07-13T10:47:06","guid":{"rendered":"https:\/\/letutudanza.it\/prodotto\/halbschuhe-bloch-pro-flex-s0210l-farbe-pink"},"modified":"2025-12-19T11:12:25","modified_gmt":"2025-12-19T10:12:25","slug":"demi-pointe-bloch-pro-flex-s0210l","status":"publish","type":"product","link":"https:\/\/www.letutudanza.it\/de\/prodotto\/demi-pointe-bloch-pro-flex-s0210l","title":{"rendered":"Bloch Pro-Flex S0210L Ballettschuhe"},"content":{"rendered":"<p>Halbspitze aus Canvas mit einer innovativen Struktur, die das Fu\u00dfgew\u00f6lbe unterst\u00fctzt.<br \/>\nAtmungsaktiver Micromesh-Einsatz, verstellbare Schn\u00fcrsenkel und vorgen\u00e4hte Gummib\u00e4nder.<\/p>\n","protected":false},"excerpt":{"rendered":"<p>Halbzehenschuh aus Canvas mit innovativer Struktur, die das Fu\u00dfgew\u00f6lbe st\u00fctzt.<\/p>\n<p> Atmungsaktiver Micromesh-Einsatz, verstellbare Schn\u00fcrsenkel und vorgen\u00e4hte Gummib\u00e4nder.<\/p>\n","protected":false},"featured_media":326006,"template":"","meta":{"_acf_changed":false},"product_brand":[],"product_cat":[2834,1864,1617],"product_tag":[],"class_list":{"0":"post-366524","1":"product","2":"type-product","3":"status-publish","4":"has-post-thumbnail","6":"product_cat-bloch-halbspitzenschuhe","7":"product_cat-halb-punkt-tanz","8":"product_cat-schuhe","9":"pa_brand-bloch-de","11":"first","12":"instock","13":"shipping-taxable","14":"purchasable","15":"product-type-variable"},"acf":[],"_links":{"self":[{"href":"https:\/\/www.letutudanza.it\/de\/wp-json\/wp\/v2\/product\/366524","targetHints":{"allow":["GET"]}}],"collection":[{"href":"https:\/\/www.letutudanza.it\/de\/wp-json\/wp\/v2\/product"}],"about":[{"href":"https:\/\/www.letutudanza.it\/de\/wp-json\/wp\/v2\/types\/product"}],"wp:featuredmedia":[{"embeddable":true,"href":"https:\/\/www.letutudanza.it\/de\/wp-json\/wp\/v2\/media\/326006"}],"wp:attachment":[{"href":"https:\/\/www.letutudanza.it\/de\/wp-json\/wp\/v2\/media?parent=366524"}],"wp:term":[{"taxonomy":"product_brand","embeddable":true,"href":"https:\/\/www.letutudanza.it\/de\/wp-json\/wp\/v2\/product_brand?post=366524"},{"taxonomy":"product_cat","embeddable":true,"href":"https:\/\/www.letutudanza.it\/de\/wp-json\/wp\/v2\/product_cat?post=366524"},{"taxonomy":"product_tag","embeddable":true,"href":"https:\/\/www.letutudanza.it\/de\/wp-json\/wp\/v2\/product_tag?post=366524"}],"curies":[{"name":"wp","href":"https:\/\/api.w.org\/{rel}","templated":true}]}}