{"id":366505,"date":"2021-07-13T12:25:15","date_gmt":"2021-07-13T10:25:15","guid":{"rendered":"https:\/\/letutudanza.it\/prodotto\/tipp-schluesselanhaenger"},"modified":"2025-11-19T16:14:38","modified_gmt":"2025-11-19T15:14:38","slug":"schlusselanhanger-spitze","status":"publish","type":"product","link":"https:\/\/www.letutudanza.it\/de\/prodotto\/schlusselanhanger-spitze","title":{"rendered":"Sansha Dance Tip Schl\u00fcsselanh\u00e4nger"},"content":{"rendered":"<p>Spitzenschuh-Schl\u00fcsselanh\u00e4nger aus Gummi.<\/p>\n","protected":false},"excerpt":{"rendered":"<p>Spitzenschuh-Schl\u00fcsselanh\u00e4nger aus Gummi.<\/p>\n","protected":false},"featured_media":324830,"template":"","meta":{"_acf_changed":false},"product_brand":[],"product_cat":[1470],"product_tag":[],"class_list":{"0":"post-366505","1":"product","2":"type-product","3":"status-publish","4":"has-post-thumbnail","6":"product_cat-geschenkideen","7":"pa_brand-sanscha","9":"first","10":"instock","11":"shipping-taxable","12":"purchasable","13":"product-type-simple"},"acf":[],"_links":{"self":[{"href":"https:\/\/www.letutudanza.it\/de\/wp-json\/wp\/v2\/product\/366505","targetHints":{"allow":["GET"]}}],"collection":[{"href":"https:\/\/www.letutudanza.it\/de\/wp-json\/wp\/v2\/product"}],"about":[{"href":"https:\/\/www.letutudanza.it\/de\/wp-json\/wp\/v2\/types\/product"}],"wp:featuredmedia":[{"embeddable":true,"href":"https:\/\/www.letutudanza.it\/de\/wp-json\/wp\/v2\/media\/324830"}],"wp:attachment":[{"href":"https:\/\/www.letutudanza.it\/de\/wp-json\/wp\/v2\/media?parent=366505"}],"wp:term":[{"taxonomy":"product_brand","embeddable":true,"href":"https:\/\/www.letutudanza.it\/de\/wp-json\/wp\/v2\/product_brand?post=366505"},{"taxonomy":"product_cat","embeddable":true,"href":"https:\/\/www.letutudanza.it\/de\/wp-json\/wp\/v2\/product_cat?post=366505"},{"taxonomy":"product_tag","embeddable":true,"href":"https:\/\/www.letutudanza.it\/de\/wp-json\/wp\/v2\/product_tag?post=366505"}],"curies":[{"name":"wp","href":"https:\/\/api.w.org\/{rel}","templated":true}]}}