{"id":366389,"date":"2021-07-13T01:37:48","date_gmt":"2021-07-12T23:37:48","guid":{"rendered":"https:\/\/letutudanza.it\/prodotto\/tambourin"},"modified":"2025-05-22T12:58:59","modified_gmt":"2025-05-22T10:58:59","slug":"tambourin","status":"publish","type":"product","link":"https:\/\/www.letutudanza.it\/de\/prodotto\/tambourin","title":{"rendered":"Tambourin"},"content":{"rendered":"<p>Ideal als Musikinstrument f\u00fcr die Tarantella und als Zubeh\u00f6r zum Spielen von Charakteren wie Zigeunern oder B\u00fcrgerlichen<\/p>\n","protected":false},"excerpt":{"rendered":"<p>Holztamburin mit Metallbecken, die mit Lederpapier \u00fcberzogen sind<br \/>\n Durchmesser ca. 21,5 cm<\/p>\n","protected":false},"featured_media":324736,"template":"","meta":{"_acf_changed":false},"product_brand":[],"product_cat":[1506,2818,1447],"product_tag":[],"class_list":{"0":"post-366389","1":"product","2":"type-product","3":"status-publish","4":"has-post-thumbnail","6":"product_cat-zubehor-zeigen","7":"product_cat-requisiten","8":"product_cat-zubehor","10":"first","11":"instock","12":"shipping-taxable","13":"purchasable","14":"product-type-simple"},"acf":[],"_links":{"self":[{"href":"https:\/\/www.letutudanza.it\/de\/wp-json\/wp\/v2\/product\/366389","targetHints":{"allow":["GET"]}}],"collection":[{"href":"https:\/\/www.letutudanza.it\/de\/wp-json\/wp\/v2\/product"}],"about":[{"href":"https:\/\/www.letutudanza.it\/de\/wp-json\/wp\/v2\/types\/product"}],"wp:featuredmedia":[{"embeddable":true,"href":"https:\/\/www.letutudanza.it\/de\/wp-json\/wp\/v2\/media\/324736"}],"wp:attachment":[{"href":"https:\/\/www.letutudanza.it\/de\/wp-json\/wp\/v2\/media?parent=366389"}],"wp:term":[{"taxonomy":"product_brand","embeddable":true,"href":"https:\/\/www.letutudanza.it\/de\/wp-json\/wp\/v2\/product_brand?post=366389"},{"taxonomy":"product_cat","embeddable":true,"href":"https:\/\/www.letutudanza.it\/de\/wp-json\/wp\/v2\/product_cat?post=366389"},{"taxonomy":"product_tag","embeddable":true,"href":"https:\/\/www.letutudanza.it\/de\/wp-json\/wp\/v2\/product_tag?post=366389"}],"curies":[{"name":"wp","href":"https:\/\/api.w.org\/{rel}","templated":true}]}}