{"id":366251,"date":"2021-07-13T00:52:11","date_gmt":"2021-07-12T22:52:11","guid":{"rendered":"https:\/\/letutudanza.it\/prodotto\/marabou-bogen"},"modified":"2025-05-22T12:59:19","modified_gmt":"2025-05-22T10:59:19","slug":"marabou-bogen","status":"publish","type":"product","link":"https:\/\/www.letutudanza.it\/de\/prodotto\/marabou-bogen","title":{"rendered":"Marabou-Bogen"},"content":{"rendered":"<p>Mit Marabu \u00fcberzogene und mit Pailletten veredelte Schleife, komplett handgefertigt.<\/p>\n","protected":false},"excerpt":{"rendered":"<p>Handgefertigte Schleife, vollst\u00e4ndig mit wei\u00dfem Marabu \u00fcberzogen und mit Paillettenfaden veredelt<\/p>\n","protected":false},"featured_media":324690,"template":"","meta":{"_acf_changed":false},"product_brand":[],"product_cat":[1506,2818,1447],"product_tag":[],"class_list":{"0":"post-366251","1":"product","2":"type-product","3":"status-publish","4":"has-post-thumbnail","6":"product_cat-zubehor-zeigen","7":"product_cat-requisiten","8":"product_cat-zubehor","10":"first","11":"instock","12":"shipping-taxable","13":"purchasable","14":"product-type-simple"},"acf":[],"_links":{"self":[{"href":"https:\/\/www.letutudanza.it\/de\/wp-json\/wp\/v2\/product\/366251","targetHints":{"allow":["GET"]}}],"collection":[{"href":"https:\/\/www.letutudanza.it\/de\/wp-json\/wp\/v2\/product"}],"about":[{"href":"https:\/\/www.letutudanza.it\/de\/wp-json\/wp\/v2\/types\/product"}],"wp:featuredmedia":[{"embeddable":true,"href":"https:\/\/www.letutudanza.it\/de\/wp-json\/wp\/v2\/media\/324690"}],"wp:attachment":[{"href":"https:\/\/www.letutudanza.it\/de\/wp-json\/wp\/v2\/media?parent=366251"}],"wp:term":[{"taxonomy":"product_brand","embeddable":true,"href":"https:\/\/www.letutudanza.it\/de\/wp-json\/wp\/v2\/product_brand?post=366251"},{"taxonomy":"product_cat","embeddable":true,"href":"https:\/\/www.letutudanza.it\/de\/wp-json\/wp\/v2\/product_cat?post=366251"},{"taxonomy":"product_tag","embeddable":true,"href":"https:\/\/www.letutudanza.it\/de\/wp-json\/wp\/v2\/product_tag?post=366251"}],"curies":[{"name":"wp","href":"https:\/\/api.w.org\/{rel}","templated":true}]}}