{"id":366197,"date":"2021-07-13T00:50:18","date_gmt":"2021-07-12T22:50:18","guid":{"rendered":"https:\/\/letutudanza.it\/prodotto\/marienkaefer-fluegel"},"modified":"2025-05-22T12:59:17","modified_gmt":"2025-05-22T10:59:17","slug":"marienkaefer-fluegel","status":"publish","type":"product","link":"https:\/\/www.letutudanza.it\/de\/prodotto\/marienkaefer-fluegel","title":{"rendered":"Marienk\u00e4fer-Fl\u00fcgel"},"content":{"rendered":"<p>Schaumstoff-Marienk\u00e4ferfl\u00fcgel mit elastischem Stoffbezug. Anwendungen von schwarzen Kreisen in Lycra.<\/p>\n","protected":false},"excerpt":{"rendered":"<p>Marienk\u00e4ferfl\u00fcgel aus Schaumstoff mit elastischem Stoff \u00fcberzogen.<br \/>\nAnwendungen von schwarzen Kreisen in Lycra.<\/p>\n","protected":false},"featured_media":324686,"template":"","meta":{"_acf_changed":false},"product_brand":[],"product_cat":[1506,2822,1447],"product_tag":[],"class_list":{"0":"post-366197","1":"product","2":"type-product","3":"status-publish","4":"has-post-thumbnail","6":"product_cat-zubehor-zeigen","7":"product_cat-buhnenkleidung","8":"product_cat-zubehor","10":"first","11":"instock","12":"shipping-taxable","13":"purchasable","14":"product-type-simple"},"acf":[],"_links":{"self":[{"href":"https:\/\/www.letutudanza.it\/de\/wp-json\/wp\/v2\/product\/366197","targetHints":{"allow":["GET"]}}],"collection":[{"href":"https:\/\/www.letutudanza.it\/de\/wp-json\/wp\/v2\/product"}],"about":[{"href":"https:\/\/www.letutudanza.it\/de\/wp-json\/wp\/v2\/types\/product"}],"wp:featuredmedia":[{"embeddable":true,"href":"https:\/\/www.letutudanza.it\/de\/wp-json\/wp\/v2\/media\/324686"}],"wp:attachment":[{"href":"https:\/\/www.letutudanza.it\/de\/wp-json\/wp\/v2\/media?parent=366197"}],"wp:term":[{"taxonomy":"product_brand","embeddable":true,"href":"https:\/\/www.letutudanza.it\/de\/wp-json\/wp\/v2\/product_brand?post=366197"},{"taxonomy":"product_cat","embeddable":true,"href":"https:\/\/www.letutudanza.it\/de\/wp-json\/wp\/v2\/product_cat?post=366197"},{"taxonomy":"product_tag","embeddable":true,"href":"https:\/\/www.letutudanza.it\/de\/wp-json\/wp\/v2\/product_tag?post=366197"}],"curies":[{"name":"wp","href":"https:\/\/api.w.org\/{rel}","templated":true}]}}