{"id":366155,"date":"2021-07-13T00:41:39","date_gmt":"2021-07-12T22:41:39","guid":{"rendered":"https:\/\/letutudanza.it\/prodotto\/pilzhut"},"modified":"2025-05-22T13:22:42","modified_gmt":"2025-05-22T11:22:42","slug":"pilzhut","status":"publish","type":"product","link":"https:\/\/www.letutudanza.it\/de\/prodotto\/pilzhut","title":{"rendered":"Pilzhut"},"content":{"rendered":"<p>Das Produkt ist nur begrenzt verf\u00fcgbar<br \/>\n Kontaktieren Sie den Support, bevor Sie eine Bestellung aufgeben<\/p>\n","protected":false},"excerpt":{"rendered":"<p>Hut aus Pannesamt mit Details wie auf dem Foto<br \/>\n Nur Erwachsenengr\u00f6\u00dfe verf\u00fcgbar<\/p>\n","protected":false},"featured_media":326526,"template":"","meta":{"_acf_changed":false},"product_brand":[],"product_cat":[1506,2820,1447],"product_tag":[],"class_list":{"0":"post-366155","1":"product","2":"type-product","3":"status-publish","4":"has-post-thumbnail","6":"product_cat-zubehor-zeigen","7":"product_cat-hute-und-perucken","8":"product_cat-zubehor","10":"first","11":"instock","12":"shipping-taxable","13":"purchasable","14":"product-type-simple"},"acf":[],"_links":{"self":[{"href":"https:\/\/www.letutudanza.it\/de\/wp-json\/wp\/v2\/product\/366155","targetHints":{"allow":["GET"]}}],"collection":[{"href":"https:\/\/www.letutudanza.it\/de\/wp-json\/wp\/v2\/product"}],"about":[{"href":"https:\/\/www.letutudanza.it\/de\/wp-json\/wp\/v2\/types\/product"}],"wp:featuredmedia":[{"embeddable":true,"href":"https:\/\/www.letutudanza.it\/de\/wp-json\/wp\/v2\/media\/326526"}],"wp:attachment":[{"href":"https:\/\/www.letutudanza.it\/de\/wp-json\/wp\/v2\/media?parent=366155"}],"wp:term":[{"taxonomy":"product_brand","embeddable":true,"href":"https:\/\/www.letutudanza.it\/de\/wp-json\/wp\/v2\/product_brand?post=366155"},{"taxonomy":"product_cat","embeddable":true,"href":"https:\/\/www.letutudanza.it\/de\/wp-json\/wp\/v2\/product_cat?post=366155"},{"taxonomy":"product_tag","embeddable":true,"href":"https:\/\/www.letutudanza.it\/de\/wp-json\/wp\/v2\/product_tag?post=366155"}],"curies":[{"name":"wp","href":"https:\/\/api.w.org\/{rel}","templated":true}]}}