{"id":366080,"date":"2021-07-13T00:18:47","date_gmt":"2021-07-12T22:18:47","guid":{"rendered":"https:\/\/letutudanza.it\/prodotto\/punta-sansha-geldboerse"},"modified":"2025-12-10T15:27:30","modified_gmt":"2025-12-10T14:27:30","slug":"geldborse-spitze-sansha","status":"publish","type":"product","link":"https:\/\/www.letutudanza.it\/de\/prodotto\/geldborse-spitze-sansha","title":{"rendered":"Sansha Spitzenschuh-Geldb\u00f6rse"},"content":{"rendered":"<p>Spitz zulaufendes Portemonnaie, das sowohl als B\u00fcgelhalter als auch als M\u00fcnzgeldb\u00f6rse n\u00fctzlich ist. Ausgestattet mit zentralem Rei\u00dfverschluss. Perfekt als Geschenkidee.<\/p>\n<p>L\u00e4nge: 13cm<\/p>\n","protected":false},"excerpt":{"rendered":"<p>Geldb\u00f6rse in Form einer Spitze, die sowohl als Halterung f\u00fcr B\u00fcgel als auch als M\u00fcnzb\u00f6rse n\u00fctzlich ist.<br \/>\n Ausgestattet mit zentralem Rei\u00dfverschluss. Perfekt als Geschenkidee.<\/p>\n<p>Material: Satin<br \/>\n L\u00e4nge: 15 cm (ca.)<\/p>\n","protected":false},"featured_media":470391,"template":"","meta":{"_acf_changed":false},"product_brand":[],"product_cat":[1470,1447],"product_tag":[],"class_list":{"0":"post-366080","1":"product","2":"type-product","3":"status-publish","4":"has-post-thumbnail","6":"product_cat-geschenkideen","7":"product_cat-zubehor","8":"pa_brand-sanscha","10":"first","11":"instock","12":"shipping-taxable","13":"purchasable","14":"product-type-simple"},"acf":[],"_links":{"self":[{"href":"https:\/\/www.letutudanza.it\/de\/wp-json\/wp\/v2\/product\/366080","targetHints":{"allow":["GET"]}}],"collection":[{"href":"https:\/\/www.letutudanza.it\/de\/wp-json\/wp\/v2\/product"}],"about":[{"href":"https:\/\/www.letutudanza.it\/de\/wp-json\/wp\/v2\/types\/product"}],"wp:featuredmedia":[{"embeddable":true,"href":"https:\/\/www.letutudanza.it\/de\/wp-json\/wp\/v2\/media\/470391"}],"wp:attachment":[{"href":"https:\/\/www.letutudanza.it\/de\/wp-json\/wp\/v2\/media?parent=366080"}],"wp:term":[{"taxonomy":"product_brand","embeddable":true,"href":"https:\/\/www.letutudanza.it\/de\/wp-json\/wp\/v2\/product_brand?post=366080"},{"taxonomy":"product_cat","embeddable":true,"href":"https:\/\/www.letutudanza.it\/de\/wp-json\/wp\/v2\/product_cat?post=366080"},{"taxonomy":"product_tag","embeddable":true,"href":"https:\/\/www.letutudanza.it\/de\/wp-json\/wp\/v2\/product_tag?post=366080"}],"curies":[{"name":"wp","href":"https:\/\/api.w.org\/{rel}","templated":true}]}}