{"id":365903,"date":"2021-07-13T00:13:39","date_gmt":"2021-07-12T22:13:39","guid":{"rendered":"https:\/\/letutudanza.it\/prodotto\/triunfo-skin-saver"},"modified":"2025-11-03T18:04:56","modified_gmt":"2025-11-03T17:04:56","slug":"skin-saver-triunfo","status":"publish","type":"product","link":"https:\/\/www.letutudanza.it\/de\/prodotto\/skin-saver-triunfo","title":{"rendered":"Triunfo Skin Saver"},"content":{"rendered":"<p>Schutz f\u00fcr zeitgen\u00f6ssischen Tanz.<br \/>\nElastischer Handschuhstring mit Fingerl\u00f6chern. Wildledereinsatz auf der Handfl\u00e4che der Pflanze.<\/p>\n","protected":false},"excerpt":{"rendered":"<p>Elastischer Handschuhstring mit Fingerl\u00f6chern. Wildledereinsatz an der Handfl\u00e4che der Sohle.<br \/>\n Schutz f\u00fcr zeitgen\u00f6ssischen Tanz.<\/p>\n<p>Letztes verf\u00fcgbares St\u00fcck Gr\u00f6\u00dfe L (38-39)<\/p>\n","protected":false},"featured_media":324662,"template":"","meta":{"_acf_changed":false},"product_brand":[],"product_cat":[1452,1617,2114,1451],"product_tag":[],"class_list":{"0":"post-365903","1":"product","2":"type-product","3":"status-publish","4":"has-post-thumbnail","6":"product_cat-zubehor-ausfuhrung","7":"product_cat-schuhe","8":"product_cat-schuhe-fur-zeitgenossischen-tanz","9":"product_cat-auslauf","10":"pa_brand-triumph","12":"first","13":"instock","14":"sale","15":"shipping-taxable","16":"purchasable","17":"product-type-simple"},"acf":[],"_links":{"self":[{"href":"https:\/\/www.letutudanza.it\/de\/wp-json\/wp\/v2\/product\/365903","targetHints":{"allow":["GET"]}}],"collection":[{"href":"https:\/\/www.letutudanza.it\/de\/wp-json\/wp\/v2\/product"}],"about":[{"href":"https:\/\/www.letutudanza.it\/de\/wp-json\/wp\/v2\/types\/product"}],"wp:featuredmedia":[{"embeddable":true,"href":"https:\/\/www.letutudanza.it\/de\/wp-json\/wp\/v2\/media\/324662"}],"wp:attachment":[{"href":"https:\/\/www.letutudanza.it\/de\/wp-json\/wp\/v2\/media?parent=365903"}],"wp:term":[{"taxonomy":"product_brand","embeddable":true,"href":"https:\/\/www.letutudanza.it\/de\/wp-json\/wp\/v2\/product_brand?post=365903"},{"taxonomy":"product_cat","embeddable":true,"href":"https:\/\/www.letutudanza.it\/de\/wp-json\/wp\/v2\/product_cat?post=365903"},{"taxonomy":"product_tag","embeddable":true,"href":"https:\/\/www.letutudanza.it\/de\/wp-json\/wp\/v2\/product_tag?post=365903"}],"curies":[{"name":"wp","href":"https:\/\/api.w.org\/{rel}","templated":true}]}}