{"id":365861,"date":"2021-07-12T18:50:27","date_gmt":"2021-07-12T16:50:27","guid":{"rendered":"https:\/\/letutudanza.it\/prodotto\/bloch-zehenband-aus-satin"},"modified":"2024-12-25T12:50:20","modified_gmt":"2024-12-25T11:50:20","slug":"bloch-glanz-satin-zehenband","status":"publish","type":"product","link":"https:\/\/www.letutudanza.it\/de\/prodotto\/bloch-glanz-satin-zehenband","title":{"rendered":"Bloch Zehenband aus Satin"},"content":{"rendered":"<p>Auf Gr\u00f6\u00dfe f\u00fcr ein Paar Schuhe vorverpackt.<\/p>\n<p>Ma\u00dfe: L\u00e4nge 2,2 m; Breite 2,3 cm.<\/p>\n<p>Farbe: Hellrosa<\/p>\n","protected":false},"excerpt":{"rendered":"<p>Auf Gr\u00f6\u00dfe f\u00fcr ein Paar Schuhe vorverpackt.<\/p>\n<p>Ma\u00dfe: L\u00e4nge 2,2 m; Breite 2,3 cm.<\/p>\n<p>Farbe: Hellrosa<\/p>\n","protected":false},"featured_media":324644,"template":"","meta":{"_acf_changed":false},"product_brand":[],"product_cat":[1447,1448],"product_tag":[],"class_list":{"0":"post-365861","1":"product","2":"type-product","3":"status-publish","4":"has-post-thumbnail","6":"product_cat-zubehor","7":"product_cat-zubehor-fur-schuhe-und-fusse","8":"pa_brand-bloch-de","10":"first","11":"instock","12":"shipping-taxable","13":"purchasable","14":"product-type-simple"},"acf":[],"_links":{"self":[{"href":"https:\/\/www.letutudanza.it\/de\/wp-json\/wp\/v2\/product\/365861","targetHints":{"allow":["GET"]}}],"collection":[{"href":"https:\/\/www.letutudanza.it\/de\/wp-json\/wp\/v2\/product"}],"about":[{"href":"https:\/\/www.letutudanza.it\/de\/wp-json\/wp\/v2\/types\/product"}],"wp:featuredmedia":[{"embeddable":true,"href":"https:\/\/www.letutudanza.it\/de\/wp-json\/wp\/v2\/media\/324644"}],"wp:attachment":[{"href":"https:\/\/www.letutudanza.it\/de\/wp-json\/wp\/v2\/media?parent=365861"}],"wp:term":[{"taxonomy":"product_brand","embeddable":true,"href":"https:\/\/www.letutudanza.it\/de\/wp-json\/wp\/v2\/product_brand?post=365861"},{"taxonomy":"product_cat","embeddable":true,"href":"https:\/\/www.letutudanza.it\/de\/wp-json\/wp\/v2\/product_cat?post=365861"},{"taxonomy":"product_tag","embeddable":true,"href":"https:\/\/www.letutudanza.it\/de\/wp-json\/wp\/v2\/product_tag?post=365861"}],"curies":[{"name":"wp","href":"https:\/\/api.w.org\/{rel}","templated":true}]}}