{"id":365848,"date":"2021-07-13T00:03:57","date_gmt":"2021-07-12T22:03:57","guid":{"rendered":"https:\/\/letutudanza.it\/prodotto\/bloch-prima-pro-pad-pad"},"modified":"2025-12-10T15:43:32","modified_gmt":"2025-12-10T14:43:32","slug":"tip-pads-bloch-prima-pro-pad","status":"publish","type":"product","link":"https:\/\/www.letutudanza.it\/de\/prodotto\/tip-pads-bloch-prima-pro-pad","title":{"rendered":"Prima Pro Pad Bloch Zehenschutz aus Silikon und Stoff"},"content":{"rendered":"<p>Die schlanke Form sorgt f\u00fcr ein leichtes Gef\u00fchl, das daf\u00fcr sorgt, dass die T\u00e4nzer Kontakt zum Boden haben, aber auch Sto\u00dfd\u00e4mpfung bietet. Gr\u00f6\u00dfe ist einzigartig.<\/p>\n<p>Farbe: Hellrosa.<\/p>\n","protected":false},"excerpt":{"rendered":"<p>Die schlanke Form sorgt f\u00fcr ein leichtes Gef\u00fchl, das daf\u00fcr sorgt, dass die T\u00e4nzer Kontakt zum Boden haben, aber auch Sto\u00dfd\u00e4mpfung bietet.<\/p>\n","protected":false},"featured_media":324658,"template":"","meta":{"_acf_changed":false},"product_brand":[],"product_cat":[1447,1448],"product_tag":[],"class_list":{"0":"post-365848","1":"product","2":"type-product","3":"status-publish","4":"has-post-thumbnail","6":"product_cat-zubehor","7":"product_cat-zubehor-fur-schuhe-und-fusse","8":"pa_brand-bloch-de","10":"first","11":"instock","12":"shipping-taxable","13":"purchasable","14":"product-type-variable"},"acf":[],"_links":{"self":[{"href":"https:\/\/www.letutudanza.it\/de\/wp-json\/wp\/v2\/product\/365848","targetHints":{"allow":["GET"]}}],"collection":[{"href":"https:\/\/www.letutudanza.it\/de\/wp-json\/wp\/v2\/product"}],"about":[{"href":"https:\/\/www.letutudanza.it\/de\/wp-json\/wp\/v2\/types\/product"}],"wp:featuredmedia":[{"embeddable":true,"href":"https:\/\/www.letutudanza.it\/de\/wp-json\/wp\/v2\/media\/324658"}],"wp:attachment":[{"href":"https:\/\/www.letutudanza.it\/de\/wp-json\/wp\/v2\/media?parent=365848"}],"wp:term":[{"taxonomy":"product_brand","embeddable":true,"href":"https:\/\/www.letutudanza.it\/de\/wp-json\/wp\/v2\/product_brand?post=365848"},{"taxonomy":"product_cat","embeddable":true,"href":"https:\/\/www.letutudanza.it\/de\/wp-json\/wp\/v2\/product_cat?post=365848"},{"taxonomy":"product_tag","embeddable":true,"href":"https:\/\/www.letutudanza.it\/de\/wp-json\/wp\/v2\/product_tag?post=365848"}],"curies":[{"name":"wp","href":"https:\/\/api.w.org\/{rel}","templated":true}]}}