{"id":365846,"date":"2021-07-12T18:39:20","date_gmt":"2021-07-12T16:39:20","guid":{"rendered":"https:\/\/letutudanza.it\/prodotto\/fersengreifer-gaynor-minden"},"modified":"2025-12-04T18:10:23","modified_gmt":"2025-12-04T17:10:23","slug":"fersengreifer-gaynor-minden","status":"publish","type":"product","link":"https:\/\/www.letutudanza.it\/de\/prodotto\/fersengreifer-gaynor-minden","title":{"rendered":"Fersenst\u00fctze f\u00fcr Spitzenschuhe Heel Grippers Gaynor Minden"},"content":{"rendered":"<p>Ideal f\u00fcr T\u00e4nzer mit schmalen Abs\u00e4tzen.<\/p>\n","protected":false},"excerpt":{"rendered":"<p>Polster werden im Zehenbereich angebracht, um die Zwischenr\u00e4ume neben der Ferse zu minimieren und ein Abrutschen der Zehe vom Fu\u00df zu verhindern.<br \/>\n Fersengripper k\u00f6nnen nach den Vorlieben des T\u00e4nzers zugeschnitten und geformt werden.<\/p>\n<p>&nbsp;<\/p>\n","protected":false},"featured_media":324634,"template":"","meta":{"_acf_changed":false},"product_brand":[],"product_cat":[1447,1448],"product_tag":[],"class_list":{"0":"post-365846","1":"product","2":"type-product","3":"status-publish","4":"has-post-thumbnail","6":"product_cat-zubehor","7":"product_cat-zubehor-fur-schuhe-und-fusse","8":"pa_brand-gaynor-minden-de","10":"first","11":"outofstock","12":"shipping-taxable","13":"purchasable","14":"product-type-simple"},"acf":[],"_links":{"self":[{"href":"https:\/\/www.letutudanza.it\/de\/wp-json\/wp\/v2\/product\/365846","targetHints":{"allow":["GET"]}}],"collection":[{"href":"https:\/\/www.letutudanza.it\/de\/wp-json\/wp\/v2\/product"}],"about":[{"href":"https:\/\/www.letutudanza.it\/de\/wp-json\/wp\/v2\/types\/product"}],"wp:featuredmedia":[{"embeddable":true,"href":"https:\/\/www.letutudanza.it\/de\/wp-json\/wp\/v2\/media\/324634"}],"wp:attachment":[{"href":"https:\/\/www.letutudanza.it\/de\/wp-json\/wp\/v2\/media?parent=365846"}],"wp:term":[{"taxonomy":"product_brand","embeddable":true,"href":"https:\/\/www.letutudanza.it\/de\/wp-json\/wp\/v2\/product_brand?post=365846"},{"taxonomy":"product_cat","embeddable":true,"href":"https:\/\/www.letutudanza.it\/de\/wp-json\/wp\/v2\/product_cat?post=365846"},{"taxonomy":"product_tag","embeddable":true,"href":"https:\/\/www.letutudanza.it\/de\/wp-json\/wp\/v2\/product_tag?post=365846"}],"curies":[{"name":"wp","href":"https:\/\/api.w.org\/{rel}","templated":true}]}}