{"id":365791,"date":"2021-07-12T18:17:50","date_gmt":"2021-07-12T16:17:50","guid":{"rendered":"https:\/\/letutudanza.it\/prodotto\/capezio-foot-undeez"},"modified":"2025-12-06T16:12:38","modified_gmt":"2025-12-06T15:12:38","slug":"capezio-fus-undeez","status":"publish","type":"product","link":"https:\/\/www.letutudanza.it\/de\/prodotto\/capezio-fus-undeez","title":{"rendered":"Foot Undeez Capezio Schuhschutz"},"content":{"rendered":"<p>Der Foot Undeez erzeugt die Illusion, barfu\u00df zu tanzen<\/p>\n<p><strong>Produktmerkmale:<\/strong><\/p>\n<ul>\n<li>Obermaterial aus Nylon und Lycra Spandex Powernet, dehnbar und atmungsaktiv in 4 Richtungen<\/li>\n<li>Patentierte ExoArmor Duet-Patches bewegen sich unabh\u00e4ngig voneinander<\/li>\n<li>Die Vorderpolster sind sowohl am Rand als auch innen mit N\u00e4hten sicher vern\u00e4ht<\/li>\n<li>5\/8&#8243; Pl\u00fcschgummi auf einer Seite mit Capezio-Logo h\u00e4lt footUndeez an Ort und Stelle<\/li>\n<\/ul>\n<p>Empfohlen f\u00fcr den lyrischen, zeitgen\u00f6ssischen und modernen Unterricht<\/p>\n","protected":false},"excerpt":{"rendered":"<p>Der Capezio Flip-Flop besteht aus atmungsaktivem und dehnbarem Material.<br \/>\n Die aufgen\u00e4hten Polster am Vorfu\u00df sorgen f\u00fcr extremen Halt und der einseitige Gummizug mit Capezio-Logo h\u00e4lt ihn bei jeder Pirouette an Ort und Stelle.<br \/>\n Ein auf die Sohle aufgen\u00e4hter Wildledereinsatz erleichtert die Bewegung und sch\u00fctzt gleichzeitig den Fu\u00df.<\/p>\n","protected":false},"featured_media":473723,"template":"","meta":{"_acf_changed":false},"product_brand":[],"product_cat":[2114,1617],"product_tag":[],"class_list":{"0":"post-365791","1":"product","2":"type-product","3":"status-publish","4":"has-post-thumbnail","6":"product_cat-schuhe-fur-zeitgenossischen-tanz","7":"product_cat-schuhe","8":"pa_brand-capezio-de","10":"first","11":"instock","12":"shipping-taxable","13":"purchasable","14":"product-type-variable"},"acf":[],"_links":{"self":[{"href":"https:\/\/www.letutudanza.it\/de\/wp-json\/wp\/v2\/product\/365791","targetHints":{"allow":["GET"]}}],"collection":[{"href":"https:\/\/www.letutudanza.it\/de\/wp-json\/wp\/v2\/product"}],"about":[{"href":"https:\/\/www.letutudanza.it\/de\/wp-json\/wp\/v2\/types\/product"}],"wp:featuredmedia":[{"embeddable":true,"href":"https:\/\/www.letutudanza.it\/de\/wp-json\/wp\/v2\/media\/473723"}],"wp:attachment":[{"href":"https:\/\/www.letutudanza.it\/de\/wp-json\/wp\/v2\/media?parent=365791"}],"wp:term":[{"taxonomy":"product_brand","embeddable":true,"href":"https:\/\/www.letutudanza.it\/de\/wp-json\/wp\/v2\/product_brand?post=365791"},{"taxonomy":"product_cat","embeddable":true,"href":"https:\/\/www.letutudanza.it\/de\/wp-json\/wp\/v2\/product_cat?post=365791"},{"taxonomy":"product_tag","embeddable":true,"href":"https:\/\/www.letutudanza.it\/de\/wp-json\/wp\/v2\/product_tag?post=365791"}],"curies":[{"name":"wp","href":"https:\/\/api.w.org\/{rel}","templated":true}]}}